{"id":241,"date":"2021-04-30T18:18:14","date_gmt":"2021-04-30T18:18:14","guid":{"rendered":"https:\/\/preview.treethemes.com\/hazel\/demo5\/?page_id=241"},"modified":"2025-11-15T17:42:24","modified_gmt":"2025-11-15T17:42:24","slug":"ueber-uns","status":"publish","type":"page","link":"https:\/\/elser.swiss\/en\/ueber-uns\/","title":{"rendered":"About Us"},"content":{"rendered":"<div class=\"wpb-content-wrapper\"><div class=\"vc_row wpb_row vc_row-fluid vc_custom_1481576227367\"><div class=\"wpb_column vc_column_container vc_col-sm-12\"><div class=\"vc_column-inner\"><div class=\"wpb_wrapper\"><div id=\"ultimate-heading-516569edc8c868780\" class=\"uvc-heading ult-adjust-bottom-margin ultimate-heading-516569edc8c868780 uvc-4353\" data-hspacer=\"no_spacer\"  data-halign=\"center\" style=\"text-align:center\"><div class=\"uvc-heading-spacer no_spacer\" style=\"top\"><\/div><\/div><h6 style=\"text-align: center\" class=\"vc_custom_heading vc_do_custom_heading\" >elser.swiss<\/h6><h2 style=\"font-size: 50px;text-align: center\" class=\"vc_custom_heading vc_do_custom_heading\" >THE COMPANY<\/h2><div class=\"vc_empty_space\"   style=\"height: 20px\"><span class=\"vc_empty_space_inner\"><\/span><\/div><div class=\"vc_row wpb_row vc_inner vc_row-fluid\"><div class=\"wpb_column vc_column_container vc_col-sm-2\"><div class=\"vc_column-inner\"><div class=\"wpb_wrapper\"><\/div><\/div><\/div><div class=\"wpb_column vc_column_container vc_col-sm-8\"><div class=\"vc_column-inner\"><div class=\"wpb_wrapper\">\n\t<div class=\"wpb_text_column wpb_content_element\" >\n\t\t<div class=\"wpb_wrapper\">\n\t\t\t<p style=\"text-align: justify; text-align-last: center;\">Seit mehr als 17 Jahren befassen wir uns mit der Reparatur von elektronischen Ger\u00e4ten. Dank unserer langj\u00e4hrigen Erfahrung sind wir in der Lage, unseren Kunden stets den besten Service zu fairen Preisen zu bieten. Ob als Privatperson oder Unternehmen &#8211; bei uns erhalten Kunden eine optimale und individuelle L\u00f6sung.<\/p>\n<p style=\"text-align: justify; text-align-last: center;\">Our efficient and organized supply chains guarantee short repair times. Customers can check the status of their repair via live chat at any time during our opening hours. elser.swiss enjoys a high level of trust and is responsible for the after-sales service of companies such as Oral B, Braun, Gillette, Alcatel, Blackberry, Palm and TCL.<\/p>\n\n\t\t<\/div>\n\t<\/div>\n<\/div><\/div><\/div><div class=\"wpb_column vc_column_container vc_col-sm-2\"><div class=\"vc_column-inner\"><div class=\"wpb_wrapper\"><\/div><\/div><\/div><\/div><\/div><\/div><\/div><\/div><div data-vc-full-width=\"true\" data-vc-full-width-init=\"false\" data-vc-stretch-content=\"true\" class=\"vc_row wpb_row vc_row-fluid vc_row-no-padding\"><div class=\"wpb_column vc_column_container vc_col-sm-2\"><div class=\"vc_column-inner\"><div class=\"wpb_wrapper\"><\/div><\/div><\/div><div class=\"wpb_column vc_column_container vc_col-sm-8\"><div class=\"vc_column-inner\"><div class=\"wpb_wrapper\">\n\t<div  class=\"wpb_single_image wpb_content_element vc_align_center wpb_content_element wpb_animate_when_almost_visible wpb_bottom-to-top bottom-to-top\">\n\t\t\n\t\t<figure class=\"wpb_wrapper vc_figure\">\n\t\t\t<div class=\"vc_single_image-wrapper   vc_box_border_grey\"><img loading=\"lazy\" decoding=\"async\" width=\"600\" height=\"400\" src=\"https:\/\/elser.swiss\/wp-content\/uploads\/2025\/01\/Bally-3-600x400.jpg\" class=\"vc_single_image-img attachment-hazel_portfolio\" alt=\"\" title=\"Bally Building\" srcset=\"https:\/\/elser.swiss\/wp-content\/uploads\/2025\/01\/Bally-3-600x400.jpg 600w, https:\/\/elser.swiss\/wp-content\/uploads\/2025\/01\/Bally-3-16x12.jpg 16w\" sizes=\"auto, (max-width: 600px) 100vw, 600px\" \/><\/div>\n\t\t<\/figure>\n\t<\/div>\n<\/div><\/div><\/div><div class=\"wpb_column vc_column_container vc_col-sm-2\"><div class=\"vc_column-inner\"><div class=\"wpb_wrapper\"><\/div><\/div><\/div><\/div><div class=\"vc_row-full-width vc_clearfix\"><\/div><div class=\"vc_row wpb_row vc_row-fluid vc_custom_1481576227367\"><div class=\"wpb_column vc_column_container vc_col-sm-12\"><div class=\"vc_column-inner\"><div class=\"wpb_wrapper\"><div id=\"ultimate-heading-939369edc8c86df94\" class=\"uvc-heading ult-adjust-bottom-margin ultimate-heading-939369edc8c86df94 uvc-4150\" data-hspacer=\"no_spacer\"  data-halign=\"center\" style=\"text-align:center\"><div class=\"uvc-heading-spacer no_spacer\" style=\"top\"><\/div><\/div><h6 style=\"text-align: center\" class=\"vc_custom_heading vc_do_custom_heading\" >elser.swiss<\/h6><h2 style=\"font-size: 50px;text-align: center\" class=\"vc_custom_heading vc_do_custom_heading\" >OUR VALUES<\/h2><div class=\"vc_empty_space\"   style=\"height: 20px\"><span class=\"vc_empty_space_inner\"><\/span><\/div><div class=\"vc_row wpb_row vc_inner vc_row-fluid\"><div class=\"wpb_column vc_column_container vc_col-sm-2\"><div class=\"vc_column-inner\"><div class=\"wpb_wrapper\"><\/div><\/div><\/div><div class=\"wpb_column vc_column_container vc_col-sm-8\"><div class=\"vc_column-inner\"><div class=\"wpb_wrapper\">\n\t<div class=\"wpb_text_column wpb_content_element\" >\n\t\t<div class=\"wpb_wrapper\">\n\t\t\t<div class=\"wpb_text_column wpb_content_element\">\n<div class=\"wpb_wrapper\">\n<h4 style=\"text-align: center;\">Vision &amp; Expertise<\/h4>\n<p style=\"text-align: justify;\">Thanks to our wide range of repair services, we can solve all of our customers' individual problems with electronic devices and guarantee the highest quality. At the same time, we make an active contribution to environmental protection, as appliances are not disposed of but repaired sustainably, meaning that fewer resources are wasted. By consulting our repair services, our customers also contribute to environmental protection and save money at the same time. According our philosophy:<\/p>\n<\/div>\n<\/div>\n\n\t\t<\/div>\n\t<\/div>\n<\/div><\/div><\/div><div class=\"wpb_column vc_column_container vc_col-sm-2\"><div class=\"vc_column-inner\"><div class=\"wpb_wrapper\"><\/div><\/div><\/div><\/div><div class=\"vc_row wpb_row vc_inner vc_row-fluid\"><div class=\"wpb_column vc_column_container vc_col-sm-12\"><div class=\"vc_column-inner\"><div class=\"wpb_wrapper\"><div class=\"vc_empty_space\"   style=\"height: 60px\"><span class=\"vc_empty_space_inner\"><\/span><\/div><\/div><\/div><\/div><div class=\"wpb_column vc_column_container vc_col-sm-1\/5\"><div class=\"vc_column-inner\"><div class=\"wpb_wrapper\"><\/div><\/div><\/div><div class=\"wpb_column vc_column_container vc_col-sm-1\/5\"><div class=\"vc_column-inner\"><div class=\"wpb_wrapper\"><div class=\"aio-icon-component    style_2\"><div id=\"Info-box-wrap-6255\" class=\"aio-icon-box top-icon\" style=\"\"  ><div class=\"aio-icon-top\"><div class=\"ult-just-icon-wrapper\"><div class=\"align-icon\" style=\"text-align:center;\">\n<div class=\"aio-icon-img\" style=\"font-size:60px;display:inline-block;\" >\n\t<img decoding=\"async\" class=\"img-icon\" alt=\"null\" src=\"https:\/\/elser.swiss\/wp-content\/uploads\/2025\/02\/icons-elser.swiss_Repair.png\"\/>\n<\/div><\/div><\/div><\/div><div class=\"aio-icon-header\" ><h5 class=\"aio-icon-title ult-responsive\"  data-ultimate-target='#Info-box-wrap-6255 .aio-icon-title'  data-responsive-json-new='{\"font-size\":\"\",\"line-height\":\"\"}'  style=\"\">REPAIR<\/h5><\/div> <!-- header --><\/div> <!-- aio-icon-box --><\/div> <!-- aio-icon-component --><\/div><\/div><\/div><div class=\"wpb_column vc_column_container vc_col-sm-1\/5\"><div class=\"vc_column-inner\"><div class=\"wpb_wrapper\"><div class=\"aio-icon-component    style_2\"><div id=\"Info-box-wrap-6913\" class=\"aio-icon-box top-icon\" style=\"\"  ><div class=\"aio-icon-top\"><div class=\"ult-just-icon-wrapper\"><div class=\"align-icon\" style=\"text-align:center;\">\n<div class=\"aio-icon-img\" style=\"font-size:60px;display:inline-block;\" >\n\t<img decoding=\"async\" class=\"img-icon\" alt=\"null\" src=\"https:\/\/elser.swiss\/wp-content\/uploads\/2025\/02\/icons-elser.swiss_ReUse.png\"\/>\n<\/div><\/div><\/div><\/div><div class=\"aio-icon-header\" ><h5 class=\"aio-icon-title ult-responsive\"  data-ultimate-target='#Info-box-wrap-6913 .aio-icon-title'  data-responsive-json-new='{\"font-size\":\"\",\"line-height\":\"\"}'  style=\"\">REUSE<\/h5><\/div> <!-- header --><\/div> <!-- aio-icon-box --><\/div> <!-- aio-icon-component --><\/div><\/div><\/div><div class=\"wpb_column vc_column_container vc_col-sm-1\/5\"><div class=\"vc_column-inner\"><div class=\"wpb_wrapper\"><div class=\"aio-icon-component    style_2\"><div id=\"Info-box-wrap-7268\" class=\"aio-icon-box top-icon\" style=\"\"  ><div class=\"aio-icon-top\"><div class=\"ult-just-icon-wrapper\"><div class=\"align-icon\" style=\"text-align:center;\">\n<div class=\"aio-icon-img\" style=\"font-size:60px;display:inline-block;\" >\n\t<img decoding=\"async\" class=\"img-icon\" alt=\"null\" src=\"https:\/\/elser.swiss\/wp-content\/uploads\/2025\/02\/icons-elser.swiss_Reduce.png\"\/>\n<\/div><\/div><\/div><\/div><div class=\"aio-icon-header\" ><h5 class=\"aio-icon-title ult-responsive\"  data-ultimate-target='#Info-box-wrap-7268 .aio-icon-title'  data-responsive-json-new='{\"font-size\":\"\",\"line-height\":\"\"}'  style=\"\">REDUCE<\/h5><\/div> <!-- header --><\/div> <!-- aio-icon-box --><\/div> <!-- aio-icon-component --><\/div><\/div><\/div><div class=\"wpb_column vc_column_container vc_col-sm-12\"><div class=\"vc_column-inner\"><div class=\"wpb_wrapper\"><div class=\"vc_empty_space\"   style=\"height: 60px\"><span class=\"vc_empty_space_inner\"><\/span><\/div><\/div><\/div><\/div><\/div><div class=\"vc_row wpb_row vc_inner vc_row-fluid\"><div class=\"wpb_column vc_column_container vc_col-sm-2\"><div class=\"vc_column-inner\"><div class=\"wpb_wrapper\"><\/div><\/div><\/div><div class=\"wpb_column vc_column_container vc_col-sm-8\"><div class=\"vc_column-inner\"><div class=\"wpb_wrapper\">\n\t<div class=\"wpb_text_column wpb_content_element\" >\n\t\t<div class=\"wpb_wrapper\">\n\t\t\t<div class=\"wpb_text_column wpb_content_element\">\n<div class=\"wpb_wrapper\">\n<h4 style=\"text-align: center;\">Customer Service<\/h4>\n<p style=\"text-align: justify;\">Unser Kundendienst ist w\u00e4hrend den \u00d6ffnungszeiten stets erreichbar (via Support-Chat, Telefon, Email oder Kontaktformular) und nimmt Ihre Anliegen gerne in Deutsch, Englisch, Franz\u00f6sisch oder Portugiesisch entgegen.<\/p>\n<p style=\"text-align: justify;\">Wir pflegen kurze Kommunikationswege innerhalb unserer Teams und einen engen Austausch der Technik mit dem Kundendienst. Somit werden die Anliegen unserer Kundschaft kompetent und schnell erfasst und gel\u00f6st. Dank moderner Technik kann w\u00e4hrend den \u00d6ffnungszeiten, via Live-Chat, der Stand einer Reparatur abgefragt werden. So sind Sie jederzeit auf dem aktuellsten Stand.<\/p>\n<p>&nbsp;<\/p>\n<h4 style=\"text-align: center;\">Technology<\/h4>\n<p style=\"text-align: justify;\">Our technicians receive ongoing training and work with the latest technology and precise diagnostic tools. We only install original spare parts in the devices. Take a look at our modernly equipped <a href=\"https:\/\/elser.swiss\/en\/ueber-uns\/unsere-werkstatt\/\">Repair Shop!<\/a><\/p>\n<\/div>\n<\/div>\n\n\t\t<\/div>\n\t<\/div>\n<\/div><\/div><\/div><div class=\"wpb_column vc_column_container vc_col-sm-2\"><div class=\"vc_column-inner\"><div class=\"wpb_wrapper\"><\/div><\/div><\/div><\/div><\/div><\/div><\/div><\/div><div data-vc-full-width=\"true\" data-vc-full-width-init=\"false\" data-vc-stretch-content=\"true\" class=\"vc_row wpb_row vc_row-fluid vc_row-no-padding\"><div class=\"wpb_column vc_column_container vc_col-sm-12\"><div class=\"vc_column-inner\"><div class=\"wpb_wrapper\">\n\t<div  class=\"wpb_single_image wpb_content_element vc_align_center wpb_content_element wpb_animate_when_almost_visible wpb_bottom-to-top bottom-to-top\">\n\t\t\n\t\t<figure class=\"wpb_wrapper vc_figure\">\n\t\t\t<div class=\"vc_single_image-wrapper   vc_box_border_grey\"><img loading=\"lazy\" decoding=\"async\" width=\"600\" height=\"400\" src=\"https:\/\/elser.swiss\/wp-content\/uploads\/2025\/04\/7M36753-600x400.jpg\" class=\"vc_single_image-img attachment-hazel_portfolio\" alt=\"\" title=\"_7M36753\" srcset=\"https:\/\/elser.swiss\/wp-content\/uploads\/2025\/04\/7M36753-600x400.jpg 600w, https:\/\/elser.swiss\/wp-content\/uploads\/2025\/04\/7M36753-300x200.jpg 300w, https:\/\/elser.swiss\/wp-content\/uploads\/2025\/04\/7M36753-1024x683.jpg 1024w, https:\/\/elser.swiss\/wp-content\/uploads\/2025\/04\/7M36753-768x512.jpg 768w, https:\/\/elser.swiss\/wp-content\/uploads\/2025\/04\/7M36753-1536x1024.jpg 1536w, https:\/\/elser.swiss\/wp-content\/uploads\/2025\/04\/7M36753-2048x1365.jpg 2048w, https:\/\/elser.swiss\/wp-content\/uploads\/2025\/04\/7M36753-18x12.jpg 18w, https:\/\/elser.swiss\/wp-content\/uploads\/2025\/04\/7M36753-scaled-e1744119426127.jpg 1800w\" sizes=\"auto, (max-width: 600px) 100vw, 600px\" \/><\/div>\n\t\t<\/figure>\n\t<\/div>\n<\/div><\/div><\/div><\/div><div class=\"vc_row-full-width vc_clearfix\"><\/div><div class=\"vc_row wpb_row vc_row-fluid\"><div class=\"wpb_column vc_column_container vc_col-sm-12\"><div class=\"vc_column-inner\"><div class=\"wpb_wrapper\"><div class=\"vc_empty_space\"   style=\"height: 60px\"><span class=\"vc_empty_space_inner\"><\/span><\/div><\/div><\/div><\/div><\/div>\n<\/div>","protected":false},"excerpt":{"rendered":"elser.swissDAS UNTERNEHMEN Seit mehr als 17 Jahren befassen wir uns mit der Reparatur von elektronischen Ger\u00e4ten. Dank unserer langj\u00e4hrigen Erfahrung sind wir in der Lage, unseren Kunden stets den besten Service zu fairen Preisen zu bieten. Ob als Privatperson oder Unternehmen - bei uns erhalten Kunden eine optimale und individuelle L\u00f6sung. Dank effizienten und organisierten [...]","protected":false},"author":1,"featured_media":1251,"parent":0,"menu_order":4,"comment_status":"closed","ping_status":"closed","template":"template-home.php","meta":{"footnotes":""},"class_list":["post-241","page","type-page","status-publish","has-post-thumbnail","hentry"],"yoast_head":"<!-- This site is optimized with the Yoast SEO plugin v27.4 - https:\/\/yoast.com\/product\/yoast-seo-wordpress\/ -->\n<title>\u00dcber uns &#8211; elser.swiss<\/title>\n<meta name=\"description\" content=\"Dank mehr als 17 Jahren Erfahrung in der Reparatur von elektronischen Ger\u00e4ten bietet elser.swiss den Kunden stets den besten Service zu fairen Preisen.\" \/>\n<meta name=\"robots\" content=\"index, follow, max-snippet:-1, max-image-preview:large, max-video-preview:-1\" \/>\n<link rel=\"canonical\" href=\"https:\/\/elser.swiss\/en\/ueber-uns\/\" \/>\n<meta property=\"og:locale\" content=\"en_GB\" \/>\n<meta property=\"og:type\" content=\"article\" \/>\n<meta property=\"og:title\" content=\"\u00dcber uns &#8211; elser.swiss\" \/>\n<meta property=\"og:description\" content=\"Dank mehr als 17 Jahren Erfahrung in der Reparatur von elektronischen Ger\u00e4ten bietet elser.swiss den Kunden stets den besten Service zu fairen Preisen.\" \/>\n<meta property=\"og:url\" content=\"https:\/\/elser.swiss\/en\/ueber-uns\/\" \/>\n<meta property=\"og:site_name\" content=\"elser.swiss\" \/>\n<meta property=\"article:publisher\" content=\"https:\/\/www.facebook.com\/Elser.Swiss\/\" \/>\n<meta property=\"article:modified_time\" content=\"2025-11-15T17:42:24+00:00\" \/>\n<meta property=\"og:image\" content=\"https:\/\/elser.swiss\/wp-content\/uploads\/2025\/04\/7M36753-scaled-e1744119426127.jpg\" \/>\n\t<meta property=\"og:image:width\" content=\"1800\" \/>\n\t<meta property=\"og:image:height\" content=\"1200\" \/>\n\t<meta property=\"og:image:type\" content=\"image\/jpeg\" \/>\n<meta name=\"twitter:card\" content=\"summary_large_image\" \/>\n<meta name=\"twitter:label1\" content=\"Estimated reading time\" \/>\n\t<meta name=\"twitter:data1\" content=\"3 minutes\" \/>\n<script type=\"application\/ld+json\" class=\"yoast-schema-graph\">{\"@context\":\"https:\\\/\\\/schema.org\",\"@graph\":[{\"@type\":\"WebPage\",\"@id\":\"https:\\\/\\\/elser.swiss\\\/ueber-uns\\\/\",\"url\":\"https:\\\/\\\/elser.swiss\\\/ueber-uns\\\/\",\"name\":\"\u00dcber uns &#8211; elser.swiss\",\"isPartOf\":{\"@id\":\"https:\\\/\\\/elser.swiss\\\/#website\"},\"primaryImageOfPage\":{\"@id\":\"https:\\\/\\\/elser.swiss\\\/ueber-uns\\\/#primaryimage\"},\"image\":{\"@id\":\"https:\\\/\\\/elser.swiss\\\/ueber-uns\\\/#primaryimage\"},\"thumbnailUrl\":\"https:\\\/\\\/elser.swiss\\\/wp-content\\\/uploads\\\/2025\\\/04\\\/7M36753-scaled-e1744119426127.jpg\",\"datePublished\":\"2021-04-30T18:18:14+00:00\",\"dateModified\":\"2025-11-15T17:42:24+00:00\",\"description\":\"Dank mehr als 17 Jahren Erfahrung in der Reparatur von elektronischen Ger\u00e4ten bietet elser.swiss den Kunden stets den besten Service zu fairen Preisen.\",\"breadcrumb\":{\"@id\":\"https:\\\/\\\/elser.swiss\\\/ueber-uns\\\/#breadcrumb\"},\"inLanguage\":\"en-GB\",\"potentialAction\":[{\"@type\":\"ReadAction\",\"target\":[\"https:\\\/\\\/elser.swiss\\\/ueber-uns\\\/\"]}]},{\"@type\":\"ImageObject\",\"inLanguage\":\"en-GB\",\"@id\":\"https:\\\/\\\/elser.swiss\\\/ueber-uns\\\/#primaryimage\",\"url\":\"https:\\\/\\\/elser.swiss\\\/wp-content\\\/uploads\\\/2025\\\/04\\\/7M36753-scaled-e1744119426127.jpg\",\"contentUrl\":\"https:\\\/\\\/elser.swiss\\\/wp-content\\\/uploads\\\/2025\\\/04\\\/7M36753-scaled-e1744119426127.jpg\",\"width\":1800,\"height\":1200},{\"@type\":\"BreadcrumbList\",\"@id\":\"https:\\\/\\\/elser.swiss\\\/ueber-uns\\\/#breadcrumb\",\"itemListElement\":[{\"@type\":\"ListItem\",\"position\":1,\"name\":\"Startseite\",\"item\":\"https:\\\/\\\/elser.swiss\\\/\"},{\"@type\":\"ListItem\",\"position\":2,\"name\":\"\u00dcber uns\"}]},{\"@type\":\"WebSite\",\"@id\":\"https:\\\/\\\/elser.swiss\\\/#website\",\"url\":\"https:\\\/\\\/elser.swiss\\\/\",\"name\":\"elser.swiss\",\"description\":\"Reparatur Servicecenter Schweiz\",\"publisher\":{\"@id\":\"https:\\\/\\\/elser.swiss\\\/#organization\"},\"potentialAction\":[{\"@type\":\"SearchAction\",\"target\":{\"@type\":\"EntryPoint\",\"urlTemplate\":\"https:\\\/\\\/elser.swiss\\\/?s={search_term_string}\"},\"query-input\":{\"@type\":\"PropertyValueSpecification\",\"valueRequired\":true,\"valueName\":\"search_term_string\"}}],\"inLanguage\":\"en-GB\"},{\"@type\":\"Organization\",\"@id\":\"https:\\\/\\\/elser.swiss\\\/#organization\",\"name\":\"elser.swiss GmbH\",\"url\":\"https:\\\/\\\/elser.swiss\\\/\",\"logo\":{\"@type\":\"ImageObject\",\"inLanguage\":\"en-GB\",\"@id\":\"https:\\\/\\\/elser.swiss\\\/#\\\/schema\\\/logo\\\/image\\\/\",\"url\":\"https:\\\/\\\/new.elser.swiss\\\/wp-content\\\/uploads\\\/2024\\\/12\\\/elser-favicon-600x600-1.png\",\"contentUrl\":\"https:\\\/\\\/new.elser.swiss\\\/wp-content\\\/uploads\\\/2024\\\/12\\\/elser-favicon-600x600-1.png\",\"width\":2500,\"height\":2500,\"caption\":\"elser.swiss GmbH\"},\"image\":{\"@id\":\"https:\\\/\\\/elser.swiss\\\/#\\\/schema\\\/logo\\\/image\\\/\"},\"sameAs\":[\"https:\\\/\\\/www.facebook.com\\\/Elser.Swiss\\\/\",\"https:\\\/\\\/www.instagram.com\\\/elserswiss\"]}]}<\/script>\n<!-- \/ Yoast SEO plugin. -->","yoast_head_json":{"title":"\u00dcber uns &#8211; elser.swiss","description":"Dank mehr als 17 Jahren Erfahrung in der Reparatur von elektronischen Ger\u00e4ten bietet elser.swiss den Kunden stets den besten Service zu fairen Preisen.","robots":{"index":"index","follow":"follow","max-snippet":"max-snippet:-1","max-image-preview":"max-image-preview:large","max-video-preview":"max-video-preview:-1"},"canonical":"https:\/\/elser.swiss\/en\/ueber-uns\/","og_locale":"en_GB","og_type":"article","og_title":"\u00dcber uns &#8211; elser.swiss","og_description":"Dank mehr als 17 Jahren Erfahrung in der Reparatur von elektronischen Ger\u00e4ten bietet elser.swiss den Kunden stets den besten Service zu fairen Preisen.","og_url":"https:\/\/elser.swiss\/en\/ueber-uns\/","og_site_name":"elser.swiss","article_publisher":"https:\/\/www.facebook.com\/Elser.Swiss\/","article_modified_time":"2025-11-15T17:42:24+00:00","og_image":[{"width":1800,"height":1200,"url":"https:\/\/elser.swiss\/wp-content\/uploads\/2025\/04\/7M36753-scaled-e1744119426127.jpg","type":"image\/jpeg"}],"twitter_card":"summary_large_image","twitter_misc":{"Estimated reading time":"3 minutes"},"schema":{"@context":"https:\/\/schema.org","@graph":[{"@type":"WebPage","@id":"https:\/\/elser.swiss\/ueber-uns\/","url":"https:\/\/elser.swiss\/ueber-uns\/","name":"\u00dcber uns &#8211; elser.swiss","isPartOf":{"@id":"https:\/\/elser.swiss\/#website"},"primaryImageOfPage":{"@id":"https:\/\/elser.swiss\/ueber-uns\/#primaryimage"},"image":{"@id":"https:\/\/elser.swiss\/ueber-uns\/#primaryimage"},"thumbnailUrl":"https:\/\/elser.swiss\/wp-content\/uploads\/2025\/04\/7M36753-scaled-e1744119426127.jpg","datePublished":"2021-04-30T18:18:14+00:00","dateModified":"2025-11-15T17:42:24+00:00","description":"Dank mehr als 17 Jahren Erfahrung in der Reparatur von elektronischen Ger\u00e4ten bietet elser.swiss den Kunden stets den besten Service zu fairen Preisen.","breadcrumb":{"@id":"https:\/\/elser.swiss\/ueber-uns\/#breadcrumb"},"inLanguage":"en-GB","potentialAction":[{"@type":"ReadAction","target":["https:\/\/elser.swiss\/ueber-uns\/"]}]},{"@type":"ImageObject","inLanguage":"en-GB","@id":"https:\/\/elser.swiss\/ueber-uns\/#primaryimage","url":"https:\/\/elser.swiss\/wp-content\/uploads\/2025\/04\/7M36753-scaled-e1744119426127.jpg","contentUrl":"https:\/\/elser.swiss\/wp-content\/uploads\/2025\/04\/7M36753-scaled-e1744119426127.jpg","width":1800,"height":1200},{"@type":"BreadcrumbList","@id":"https:\/\/elser.swiss\/ueber-uns\/#breadcrumb","itemListElement":[{"@type":"ListItem","position":1,"name":"Startseite","item":"https:\/\/elser.swiss\/"},{"@type":"ListItem","position":2,"name":"\u00dcber uns"}]},{"@type":"WebSite","@id":"https:\/\/elser.swiss\/#website","url":"https:\/\/elser.swiss\/","name":"elser.swiss","description":"Reparatur Servicecenter Schweiz","publisher":{"@id":"https:\/\/elser.swiss\/#organization"},"potentialAction":[{"@type":"SearchAction","target":{"@type":"EntryPoint","urlTemplate":"https:\/\/elser.swiss\/?s={search_term_string}"},"query-input":{"@type":"PropertyValueSpecification","valueRequired":true,"valueName":"search_term_string"}}],"inLanguage":"en-GB"},{"@type":"Organization","@id":"https:\/\/elser.swiss\/#organization","name":"elser.swiss GmbH","url":"https:\/\/elser.swiss\/","logo":{"@type":"ImageObject","inLanguage":"en-GB","@id":"https:\/\/elser.swiss\/#\/schema\/logo\/image\/","url":"https:\/\/new.elser.swiss\/wp-content\/uploads\/2024\/12\/elser-favicon-600x600-1.png","contentUrl":"https:\/\/new.elser.swiss\/wp-content\/uploads\/2024\/12\/elser-favicon-600x600-1.png","width":2500,"height":2500,"caption":"elser.swiss GmbH"},"image":{"@id":"https:\/\/elser.swiss\/#\/schema\/logo\/image\/"},"sameAs":["https:\/\/www.facebook.com\/Elser.Swiss\/","https:\/\/www.instagram.com\/elserswiss"]}]}},"_links":{"self":[{"href":"https:\/\/elser.swiss\/en\/wp-json\/wp\/v2\/pages\/241","targetHints":{"allow":["GET"]}}],"collection":[{"href":"https:\/\/elser.swiss\/en\/wp-json\/wp\/v2\/pages"}],"about":[{"href":"https:\/\/elser.swiss\/en\/wp-json\/wp\/v2\/types\/page"}],"author":[{"embeddable":true,"href":"https:\/\/elser.swiss\/en\/wp-json\/wp\/v2\/users\/1"}],"replies":[{"embeddable":true,"href":"https:\/\/elser.swiss\/en\/wp-json\/wp\/v2\/comments?post=241"}],"version-history":[{"count":4,"href":"https:\/\/elser.swiss\/en\/wp-json\/wp\/v2\/pages\/241\/revisions"}],"predecessor-version":[{"id":1497,"href":"https:\/\/elser.swiss\/en\/wp-json\/wp\/v2\/pages\/241\/revisions\/1497"}],"wp:featuredmedia":[{"embeddable":true,"href":"https:\/\/elser.swiss\/en\/wp-json\/wp\/v2\/media\/1251"}],"wp:attachment":[{"href":"https:\/\/elser.swiss\/en\/wp-json\/wp\/v2\/media?parent=241"}],"curies":[{"name":"wp","href":"https:\/\/api.w.org\/{rel}","templated":true}]}}