{"id":1498,"date":"2025-11-19T10:03:16","date_gmt":"2025-11-19T10:03:16","guid":{"rendered":"https:\/\/elser.swiss\/?page_id=1498"},"modified":"2025-11-19T10:03:16","modified_gmt":"2025-11-19T10:03:16","slug":"impressum","status":"publish","type":"page","link":"https:\/\/elser.swiss\/en\/impressum\/","title":{"rendered":"Impressum"},"content":{"rendered":"<div class=\"wpb-content-wrapper\"><div class=\"vc_row wpb_row vc_row-fluid\"><div class=\"wpb_column vc_column_container vc_col-sm-12\"><div class=\"vc_column-inner\"><div class=\"wpb_wrapper\">\n\t<div class=\"wpb_text_column wpb_content_element\" >\n\t\t<div class=\"wpb_wrapper\">\n\t\t\t<h3 class=\"wp-block-heading\">Impressum<\/h3>\n<p>&nbsp;<\/p>\n<div class=\"elementor-element elementor-element-a7ba4b4 t04 e-flex e-con-boxed e-con e-parent e-lazyloaded\" data-id=\"a7ba4b4\" data-element_type=\"container\">\n<div class=\"e-con-inner\">\n<div class=\"elementor-element elementor-element-5aa32f15 elementor-widget elementor-widget-salamander_spacer\" data-id=\"5aa32f15\" data-element_type=\"widget\" data-widget_type=\"salamander_spacer.default\">\n<div class=\"elementor-widget-container\">\n<div class=\"sa-spacer-mittel\">\u00a0<\/div>\n<\/div>\n<\/div>\n<div class=\"elementor-element elementor-element-34fb0e42 e-con-full e-flex e-con e-child\" data-id=\"34fb0e42\" data-element_type=\"container\">\n<div class=\"elementor-element elementor-element-63a6aece elementor-widget elementor-widget-text-editor\" data-id=\"63a6aece\" data-element_type=\"widget\" data-widget_type=\"text-editor.default\">\n<div class=\"elementor-widget-container\">\n<p><strong>elser.swiss GmbH<\/strong><\/p>\n<p>Bahnhofstrasse 66<br \/>5606 Dottikon<\/p>\n<p>Telefon: <a href=\"tel:+41 56 508 08 09\">+41 56 508 08 09<\/a><br \/>E-Mail:\u00a0<a href=\"mailto:info@elser.swiss?subject=Contact&amp;Us\" target=\"_blank\" rel=\"noopener\">info@elser.swiss<\/a><\/p>\n<\/div>\n<\/div>\n<div class=\"elementor-element elementor-element-ad56197 elementor-widget elementor-widget-salamander_spacer\" data-id=\"ad56197\" data-element_type=\"widget\" data-widget_type=\"salamander_spacer.default\">\n<div class=\"elementor-widget-container\">\n<div class=\"sa-spacer-normal\">\u00a0<\/div>\n<\/div>\n<\/div>\n<div class=\"elementor-element elementor-element-d70f3cf elementor-widget elementor-widget-text-editor\" data-id=\"d70f3cf\" data-element_type=\"widget\" data-widget_type=\"text-editor.default\">\n<div class=\"elementor-widget-container\">\n<p><strong>Haftungsklausel der elser.swiss GmbH<\/strong><\/p>\n<p>Das Ziel der Web-Seiten der elser.swiss GmbH besteht darin, allgemeine Informationen \u00fcber ihre Produkte und Dienstleistungen zur Verf\u00fcgung zu stellen.<\/p>\n<p>elser.swiss GmbH hat alles getan, um sicherzustellen, dass diese Informationen sowohl korrekt als auch aktuell sind, lehnt jedoch jede explizite oder implizite Garantie f\u00fcr die in diesen Seiten enthaltenen Informationen ab. elser.swiss GmbH \u00fcbernimmt keinerlei Verantwortung f\u00fcr Massnahmen, die auf der Grundlage dieser Informationen ergriffen werden.<\/p>\n<p>Die Web-Seiten von elser.swiss GmbH enthalten auch Informationen, die von Dritten stammen. Sofern m\u00f6glich, wurde stets die Quelle derartiger Informationen angegeben. Meinungen, die darin zum Ausdruck kommen, entsprechen jedoch nicht zwangsl\u00e4ufig denjenigen von elser.swiss GmbH, daher wird daf\u00fcr auch keinerlei Verantwortungen \u00fcbernommen.<\/p>\n<div>Die Seiten der elser.swiss GmbH enthalten Hyperlinks zu anderen Internet-Sites. Die dort erh\u00e4ltlichen Informationen sind elser.swiss GmbH unbekannt. Aus diesem Grunde lehnt elser.swiss GmbH jede Verantwortung f\u00fcr Informationen von Dritten ab.<\/div>\n<div>Die Inhalte der elser.swiss GmbH Webseiten sind urheberrechtlich gesch\u00fctzt. Alle Rechte vorbehalten. Reproduktion und Benutzung der Inhalte ohne schriftliche Zustimmung von elser.swiss GmbH ist untersagt.<\/div>\n<p>Alle erw\u00e4hnten Produktnamen und Logos sind eingetragene Warenzeichen der jeweiligen Eigent\u00fcmer.<\/p>\n<\/div>\n<\/div>\n<\/div>\n<\/div>\n<\/div>\n\n\t\t<\/div>\n\t<\/div>\n<\/div><\/div><\/div><\/div><\/div>","protected":false},"excerpt":{"rendered":"Impressum &nbsp; \u00a0 elser.swiss GmbH Bahnhofstrasse 665606 Dottikon Telefon: +41 56 508 08 09E-Mail:\u00a0info@elser.swiss \u00a0 Haftungsklausel der elser.swiss GmbH Das Ziel der Web-Seiten der elser.swiss GmbH besteht darin, allgemeine Informationen \u00fcber ihre Produkte und Dienstleistungen zur Verf\u00fcgung zu stellen. elser.swiss GmbH hat alles getan, um sicherzustellen, dass diese Informationen sowohl korrekt als auch aktuell sind, [...]","protected":false},"author":1,"featured_media":0,"parent":0,"menu_order":20,"comment_status":"closed","ping_status":"closed","template":"one-page-template.php","meta":{"footnotes":""},"class_list":["post-1498","page","type-page","status-publish","hentry"],"yoast_head":"<!-- This site is optimized with the Yoast SEO plugin v27.4 - https:\/\/yoast.com\/product\/yoast-seo-wordpress\/ -->\n<title>Impressum &#8211; elser.swiss<\/title>\n<meta name=\"robots\" content=\"index, follow, max-snippet:-1, max-image-preview:large, max-video-preview:-1\" \/>\n<link rel=\"canonical\" href=\"https:\/\/elser.swiss\/en\/impressum\/\" \/>\n<meta property=\"og:locale\" content=\"en_GB\" \/>\n<meta property=\"og:type\" content=\"article\" \/>\n<meta property=\"og:title\" content=\"Impressum &#8211; elser.swiss\" \/>\n<meta property=\"og:url\" content=\"https:\/\/elser.swiss\/en\/impressum\/\" \/>\n<meta property=\"og:site_name\" content=\"elser.swiss\" \/>\n<meta property=\"article:publisher\" content=\"https:\/\/www.facebook.com\/Elser.Swiss\/\" \/>\n<meta name=\"twitter:card\" content=\"summary_large_image\" \/>\n<meta name=\"twitter:label1\" content=\"Estimated reading time\" \/>\n\t<meta name=\"twitter:data1\" content=\"2 minutes\" \/>\n<script type=\"application\/ld+json\" class=\"yoast-schema-graph\">{\"@context\":\"https:\\\/\\\/schema.org\",\"@graph\":[{\"@type\":\"WebPage\",\"@id\":\"https:\\\/\\\/elser.swiss\\\/impressum\\\/\",\"url\":\"https:\\\/\\\/elser.swiss\\\/impressum\\\/\",\"name\":\"Impressum &#8211; elser.swiss\",\"isPartOf\":{\"@id\":\"https:\\\/\\\/elser.swiss\\\/#website\"},\"datePublished\":\"2025-11-19T10:03:16+00:00\",\"breadcrumb\":{\"@id\":\"https:\\\/\\\/elser.swiss\\\/impressum\\\/#breadcrumb\"},\"inLanguage\":\"en-GB\",\"potentialAction\":[{\"@type\":\"ReadAction\",\"target\":[\"https:\\\/\\\/elser.swiss\\\/impressum\\\/\"]}]},{\"@type\":\"BreadcrumbList\",\"@id\":\"https:\\\/\\\/elser.swiss\\\/impressum\\\/#breadcrumb\",\"itemListElement\":[{\"@type\":\"ListItem\",\"position\":1,\"name\":\"Startseite\",\"item\":\"https:\\\/\\\/elser.swiss\\\/\"},{\"@type\":\"ListItem\",\"position\":2,\"name\":\"Impressum\"}]},{\"@type\":\"WebSite\",\"@id\":\"https:\\\/\\\/elser.swiss\\\/#website\",\"url\":\"https:\\\/\\\/elser.swiss\\\/\",\"name\":\"elser.swiss\",\"description\":\"Reparatur Servicecenter Schweiz\",\"publisher\":{\"@id\":\"https:\\\/\\\/elser.swiss\\\/#organization\"},\"potentialAction\":[{\"@type\":\"SearchAction\",\"target\":{\"@type\":\"EntryPoint\",\"urlTemplate\":\"https:\\\/\\\/elser.swiss\\\/?s={search_term_string}\"},\"query-input\":{\"@type\":\"PropertyValueSpecification\",\"valueRequired\":true,\"valueName\":\"search_term_string\"}}],\"inLanguage\":\"en-GB\"},{\"@type\":\"Organization\",\"@id\":\"https:\\\/\\\/elser.swiss\\\/#organization\",\"name\":\"elser.swiss GmbH\",\"url\":\"https:\\\/\\\/elser.swiss\\\/\",\"logo\":{\"@type\":\"ImageObject\",\"inLanguage\":\"en-GB\",\"@id\":\"https:\\\/\\\/elser.swiss\\\/#\\\/schema\\\/logo\\\/image\\\/\",\"url\":\"https:\\\/\\\/new.elser.swiss\\\/wp-content\\\/uploads\\\/2024\\\/12\\\/elser-favicon-600x600-1.png\",\"contentUrl\":\"https:\\\/\\\/new.elser.swiss\\\/wp-content\\\/uploads\\\/2024\\\/12\\\/elser-favicon-600x600-1.png\",\"width\":2500,\"height\":2500,\"caption\":\"elser.swiss GmbH\"},\"image\":{\"@id\":\"https:\\\/\\\/elser.swiss\\\/#\\\/schema\\\/logo\\\/image\\\/\"},\"sameAs\":[\"https:\\\/\\\/www.facebook.com\\\/Elser.Swiss\\\/\",\"https:\\\/\\\/www.instagram.com\\\/elserswiss\"]}]}<\/script>\n<!-- \/ Yoast SEO plugin. -->","yoast_head_json":{"title":"Impressum &#8211; elser.swiss","robots":{"index":"index","follow":"follow","max-snippet":"max-snippet:-1","max-image-preview":"max-image-preview:large","max-video-preview":"max-video-preview:-1"},"canonical":"https:\/\/elser.swiss\/en\/impressum\/","og_locale":"en_GB","og_type":"article","og_title":"Impressum &#8211; elser.swiss","og_url":"https:\/\/elser.swiss\/en\/impressum\/","og_site_name":"elser.swiss","article_publisher":"https:\/\/www.facebook.com\/Elser.Swiss\/","twitter_card":"summary_large_image","twitter_misc":{"Estimated reading time":"2 minutes"},"schema":{"@context":"https:\/\/schema.org","@graph":[{"@type":"WebPage","@id":"https:\/\/elser.swiss\/impressum\/","url":"https:\/\/elser.swiss\/impressum\/","name":"Impressum &#8211; elser.swiss","isPartOf":{"@id":"https:\/\/elser.swiss\/#website"},"datePublished":"2025-11-19T10:03:16+00:00","breadcrumb":{"@id":"https:\/\/elser.swiss\/impressum\/#breadcrumb"},"inLanguage":"en-GB","potentialAction":[{"@type":"ReadAction","target":["https:\/\/elser.swiss\/impressum\/"]}]},{"@type":"BreadcrumbList","@id":"https:\/\/elser.swiss\/impressum\/#breadcrumb","itemListElement":[{"@type":"ListItem","position":1,"name":"Startseite","item":"https:\/\/elser.swiss\/"},{"@type":"ListItem","position":2,"name":"Impressum"}]},{"@type":"WebSite","@id":"https:\/\/elser.swiss\/#website","url":"https:\/\/elser.swiss\/","name":"elser.swiss","description":"Reparatur Servicecenter Schweiz","publisher":{"@id":"https:\/\/elser.swiss\/#organization"},"potentialAction":[{"@type":"SearchAction","target":{"@type":"EntryPoint","urlTemplate":"https:\/\/elser.swiss\/?s={search_term_string}"},"query-input":{"@type":"PropertyValueSpecification","valueRequired":true,"valueName":"search_term_string"}}],"inLanguage":"en-GB"},{"@type":"Organization","@id":"https:\/\/elser.swiss\/#organization","name":"elser.swiss GmbH","url":"https:\/\/elser.swiss\/","logo":{"@type":"ImageObject","inLanguage":"en-GB","@id":"https:\/\/elser.swiss\/#\/schema\/logo\/image\/","url":"https:\/\/new.elser.swiss\/wp-content\/uploads\/2024\/12\/elser-favicon-600x600-1.png","contentUrl":"https:\/\/new.elser.swiss\/wp-content\/uploads\/2024\/12\/elser-favicon-600x600-1.png","width":2500,"height":2500,"caption":"elser.swiss GmbH"},"image":{"@id":"https:\/\/elser.swiss\/#\/schema\/logo\/image\/"},"sameAs":["https:\/\/www.facebook.com\/Elser.Swiss\/","https:\/\/www.instagram.com\/elserswiss"]}]}},"_links":{"self":[{"href":"https:\/\/elser.swiss\/en\/wp-json\/wp\/v2\/pages\/1498","targetHints":{"allow":["GET"]}}],"collection":[{"href":"https:\/\/elser.swiss\/en\/wp-json\/wp\/v2\/pages"}],"about":[{"href":"https:\/\/elser.swiss\/en\/wp-json\/wp\/v2\/types\/page"}],"author":[{"embeddable":true,"href":"https:\/\/elser.swiss\/en\/wp-json\/wp\/v2\/users\/1"}],"replies":[{"embeddable":true,"href":"https:\/\/elser.swiss\/en\/wp-json\/wp\/v2\/comments?post=1498"}],"version-history":[{"count":2,"href":"https:\/\/elser.swiss\/en\/wp-json\/wp\/v2\/pages\/1498\/revisions"}],"predecessor-version":[{"id":1500,"href":"https:\/\/elser.swiss\/en\/wp-json\/wp\/v2\/pages\/1498\/revisions\/1500"}],"wp:attachment":[{"href":"https:\/\/elser.swiss\/en\/wp-json\/wp\/v2\/media?parent=1498"}],"curies":[{"name":"wp","href":"https:\/\/api.w.org\/{rel}","templated":true}]}}