{"id":1311,"date":"2025-04-22T13:31:32","date_gmt":"2025-04-22T13:31:32","guid":{"rendered":"https:\/\/new.elser.swiss\/?page_id=1311"},"modified":"2025-05-19T18:23:04","modified_gmt":"2025-05-19T18:23:04","slug":"agb","status":"publish","type":"page","link":"https:\/\/elser.swiss\/en\/agb\/","title":{"rendered":"GTC"},"content":{"rendered":"<div class=\"wpb-content-wrapper\"><div class=\"vc_row wpb_row vc_row-fluid\"><div class=\"wpb_column vc_column_container vc_col-sm-12\"><div class=\"vc_column-inner\"><div class=\"wpb_wrapper\">\n\t<div class=\"wpb_text_column wpb_content_element\" >\n\t\t<div class=\"wpb_wrapper\">\n\t\t\t<h4 class=\"wp-block-heading\"><\/h4>\n<h3>Allgemeine Gesch\u00e4ftsbedingungen<\/h3>\n<p>der elser.swiss GmbH \u2013 im weiteren elser.swiss genannt \u2013 mit Sitz in 5605 Dottikon, Kanton Aargau, Schweiz.<\/p>\n<p>&nbsp;<\/p>\n<ol>\n<li><strong>Preise<\/strong><br \/>Die angegebenen Preise im online \u2013 Shop sind Netto-Preise inkl. MwSt. in Schweizer Franken. Die Preise verstehen sich ab Lager Dottikon. Preis\u00e4nderungen bleiben vorbehalten.<\/li>\n<li><strong>Lieferung<\/strong><br \/>Lieferungen erfolgen ab Lager Dottikon inkl. Versandkosten. Die Ware reist auf Gefahr des Empf\u00e4ngers, Transportsch\u00e4den m\u00fcssen sofort der Post oder Spedition gemeldet werden, damit die Anspr\u00fcche geltend gemacht werden k\u00f6nnen.<\/li>\n<li><strong>Teillieferungen<\/strong><br \/>elser.swiss wird, wenn m\u00f6glich, die ganze Bestellung ausliefern. Der K\u00e4ufer erkl\u00e4rt sich bereit, auch Teillieferungen anzunehmen. Falls der K\u00e4ufer explizit Teillieferungen w\u00fcnscht, gehen die zus\u00e4tzlichen Versandkosten zu Lasten des K\u00e4ufers.<\/li>\n<li><strong>Lieferfristen<\/strong><br \/>Nichteinhaltungen der Lieferfristen durch elser.swiss berechtigen den K\u00e4ufer nur dann zum R\u00fccktritt, wenn die Lieferung auch nach Ablauf einer schriftlich angesetzten Frist von 7 Tagen nicht erfolgt ist.<br \/><em>AUSNAHME:<\/em> Bei Spezialanfertigungen und Spezialbestellungen kann nicht mehr vom Kaufvertrag zur\u00fcckgetreten werden .In keinem Fall begr\u00fcnden Lieferverz\u00f6gerungen Schadenersatzanspr\u00fcche.<\/li>\n<li><strong>Warenpr\u00fcfung<\/strong><br \/>Reklamationen sind innerhalb von 7 Tagen an den Verk\u00e4ufer schriftlich anzuzeigen. Massgebend ist das Datum des Poststempels. Nach Ablauf dieser Frist werden keine Reklamationen mehr bearbeitet. R\u00fccksendungen gehen zu Lasten des K\u00e4ufers.<\/li>\n<li><strong>R\u00fccknahme und Umtausch<\/strong><br \/>Umtausch oder R\u00fccknahme von vertragsgem\u00e4ss gelieferter Ware ist nur nach Absprache m\u00f6glich. Der K\u00e4ufer akzeptiert, dass elser.swiss eine Umtriebsentsch\u00e4digung verrechnen kann.\u00a0<br \/>Sollte der K\u00e4ufer sich gegen die Reparatur entscheiden, berechnet elser.swiss eine Umtriebsentsch\u00e4digung von CHF 50.- f\u00fcr die Diagnose und Untersuchung des Ger\u00e4ts.<\/li>\n<li><strong>Zahlung<\/strong><br \/>Im Abholshop stehen die folgenden Zahlungsarten zur Verf\u00fcgung: Bar, EC, Visacard, Mastercard, Postcard. Die Lieferung erfolgt per Vorauszahlung, Visacard, Mastercard oder Postcard. Der gesamte Rechnungsbetrag ist ohne jegliche Abz\u00fcge, Skonti, Rabatte usw. innerhalb der vorgegebenen Zahlungsfrist zu bezahlen. Der K\u00e4ufer ist nicht berechtigt, Zahlungen wegen Beanstandungen zur\u00fcckzuhalten oder mit Gegenanspr\u00fcchen zu verrechnen. Nach Ablauf der Zahlungsfrist ger\u00e4t der K\u00e4ufer ohne Mahnung in Verzug und werden dem K\u00e4ufer s\u00e4mtliche Folgekosten sowie ein Verzugszins von 5% verrechnet.<\/li>\n<li><strong>Haftung<\/strong><br \/>F\u00fcr Sch\u00e4den, die durch unsachgem\u00e4sse Installation und unsachgem\u00e4ssen Gebrauch entstehen, lehnt elser.swiss jegliche Haftung ab.<\/li>\n<li><strong>Garantie<\/strong><br \/>Die Verantwortung f\u00fcr die Auswahl, die Konfiguration, den Einsatz sowie den Gebrauch von Produkten sowie die damit erzielten Resultate liegen beim Kunden bzw. beim Abnehmer der Produkte, d.h. beim Endkunden.Die Gew\u00e4hrleistung von elser.swiss f\u00fcr die von ihr gelieferten Produkte bestimmt sich in jeder Hinsicht nach den Garantiebestimmungen des jeweiligen Herstellers\/Lieferanten.<br \/>Der Kunde verzichtet auf weitere Garantieanspr\u00fcche gegen\u00fcber elser.swiss und dem Hersteller\/Lieferanten. Die einzige Pflicht von elser.swiss besteht darin, allf\u00e4llige eigene Garantieanspr\u00fcche gegen den Hersteller\/Lieferanten an den Kunden abzutreten.Der Kunde anerkennt, dass sich aufgrund der jeweils anwendbaren Garantiebestimmungen die Gew\u00e4hrleistung in der Regel nach Wahl des jeweiligen Herstellers\/Lieferanten auf Nachbesserung oder Auswechslung der defekten\/mangelhaften Produkte beschr\u00e4nkt und zudem nur gilt, wenn die Produkte in der Schweiz bzw. im F\u00fcrstentum Liechtenstein verbleiben.<br \/>Des Weiteren anerkennt der Kunde, dass in jedem Falle ein Mangel nur dann vorliegt, wenn dieser sofort nach Entdeckung elser.swiss schriftlich detailliert angezeigt wird und einen relevanten und reproduzierbaren Fehler beinhaltet.Ausgeschlossen ist die Gew\u00e4hrleistung insbesondere f\u00fcr M\u00e4ngel, welchen eine der folgenden Ursachen zugrunde liegt:\n<p><em>a)<\/em> unzul\u00e4ngliche Wartung<\/p>\n<p><em>b)<\/em> Nichtbeachten der Betriebs- oder Installationsvorschriften<\/p>\n<p><em>c)<\/em> zweckwidrige Benutzung der Produkte<\/p>\n<p><em>d)<\/em> Verwendung von nicht genehmigten Teilen und Zubeh\u00f6r<\/p>\n<p><em>e)<\/em> nat\u00fcrliche Abnutzung<\/p>\n<p><em>f)<\/em> Transport, unsachgem\u00e4sse Handhabung bzw. Behandlung<\/p>\n<p><em>g)<\/em> Modifikation oder Reparaturversuche<\/p>\n<p><em>h)<\/em> \u00e4ussere Einfl\u00fcsse (insbesondere Wasser- und Sturzsch\u00e4den), h\u00f6here Gewalt (z.B. Versagen der Stromversorgung oder der Klimaanlage, Elementarsch\u00e4den) sowie andere Gr\u00fcnde, welche weder von elser.swiss noch vom Hersteller\/Lieferanten zu vertreten sind.<\/p>\n<p>Wird ein Ersatzteil erworben und vom Kunde selber verbaut, besteht lediglich eine Funktionsgarantie. (Nur bei Ersatzteilen und nur insofern der Kunde die Reparatur selber vornimmt)Ersatzteile m\u00fcssen zwingend vor dem Einbau und Gebrauch getestet werden, jegliche Beanstandungen m\u00fcssen sofort an elser.swiss gemeldet werden.<\/p>\n<p>Ersatzteile k\u00f6nnen nur dann ausgetauscht oder unter Garantie ersetzt werden wenn das besagte Teil so retourniert wird wie erhalten, das heisst, inkl. Klebefolien , Schutzfolien etc.<br \/>Sollte ein Ersatzteil nicht wie oben beschrieben retourniert werden besteht kein Anrecht auf Garantie.<\/p>\n<p>Vom Hersteller\/Lieferanten nicht gedeckte Garantieleistungen sowie vom Kunden verursachte Mehrkosten werden dem Kunden in Rechnung gestellt. Der K\u00e4ufer muss f\u00fcr den Transport und die damit verbundenen Kosten an unsere Domiziladresse aufkommen. Die Gefahr der Versendung und deren Nachweis liegen in beiden F\u00e4llen beim K\u00e4ufer. Die Kosten f\u00fcr den R\u00fccktransport \u00fcbernimmt elser.swiss. Bei fehlender oder mangelhafter Fehlerbeschreibung erfolgt die Fehlersuche durch elser.swiss auf Kosten des Kunden. In jedem Falle h\u00e4lt sich der Kunde an die von elser.swiss bzw. vom jeweiligen Hersteller\/Lieferanten definierten Abl\u00e4ufe bei der Abwicklung von allf\u00e4lligen Garantieleistungen.<\/p>\n<\/li>\n<li><strong>Eigentumsvorbehalt<br \/><\/strong>Bis zur vollst\u00e4ndigen Bezahlung des Kaufpreises bleibt die gelieferte Ware Eigentum von elser.swiss.<\/li>\n<li><strong>Gerichtsstand<\/strong><br \/>Der Gerichtsstand f\u00fcr s\u00e4mtliche Rechtsbeziehungen ist der Sitz der elser.Swiss. Zur Anwendung gelangt ausschliesslich Schweizerisches Recht.<\/li>\n<li><strong>Salvatorische Klausel<\/strong><br \/>Sollten eine oder mehrere Bestimmungen dieses Vertrages unwirksam oder nichtig sein, so wird die Geltung der \u00fcbrigen Bestimmungen dadurch nicht ber\u00fchrt. An die Stelle der nichtigen oder unwirksamen Bestimmungen dieses Vertrages soll<br \/>eine dem Sinn und Zweck dieser Vertragsbestimmung entsprechende wirksame Bestimmung treten.\n<ol>\n<li style=\"list-style-type: none;\">\u00a0<\/li>\n<\/ol>\n<\/li>\n<\/ol>\n<p><em><span dir=\"ltr\" role=\"presentation\">&#8211; April 2025<\/span><\/em><br role=\"presentation\" \/><span dir=\"ltr\" role=\"presentation\">_____________________________<\/span><br role=\"presentation\" \/><span dir=\"ltr\" role=\"presentation\">GTC<\/span><span dir=\"ltr\" role=\"presentation\"> \u2013 elser.swiss GmbH, 5605 Dottikon<\/span><\/p>\n\n\t\t<\/div>\n\t<\/div>\n<\/div><\/div><\/div><\/div><\/div>","protected":false},"excerpt":{"rendered":"Allgemeine Gesch\u00e4ftsbedingungen der elser.swiss GmbH \u2013 im weiteren elser.swiss genannt \u2013 mit Sitz in 5605 Dottikon, Kanton Aargau, Schweiz. &nbsp; PreiseDie angegebenen Preise im online \u2013 Shop sind Netto-Preise inkl. MwSt. in Schweizer Franken. Die Preise verstehen sich ab Lager Dottikon. Preis\u00e4nderungen bleiben vorbehalten. LieferungLieferungen erfolgen ab Lager Dottikon inkl. Versandkosten. Die Ware reist auf [...]","protected":false},"author":1,"featured_media":0,"parent":0,"menu_order":20,"comment_status":"closed","ping_status":"closed","template":"one-page-template.php","meta":{"footnotes":""},"class_list":["post-1311","page","type-page","status-publish","hentry"],"yoast_head":"<!-- This site is optimized with the Yoast SEO plugin v27.4 - https:\/\/yoast.com\/product\/yoast-seo-wordpress\/ -->\n<title>AGB &#8211; elser.swiss<\/title>\n<meta name=\"robots\" content=\"index, follow, max-snippet:-1, max-image-preview:large, max-video-preview:-1\" \/>\n<link rel=\"canonical\" href=\"https:\/\/elser.swiss\/en\/agb\/\" \/>\n<meta property=\"og:locale\" content=\"en_GB\" \/>\n<meta property=\"og:type\" content=\"article\" \/>\n<meta property=\"og:title\" content=\"AGB &#8211; elser.swiss\" \/>\n<meta property=\"og:url\" content=\"https:\/\/elser.swiss\/en\/agb\/\" \/>\n<meta property=\"og:site_name\" content=\"elser.swiss\" \/>\n<meta property=\"article:publisher\" content=\"https:\/\/www.facebook.com\/Elser.Swiss\/\" \/>\n<meta property=\"article:modified_time\" content=\"2025-05-19T18:23:04+00:00\" \/>\n<meta name=\"twitter:card\" content=\"summary_large_image\" \/>\n<meta name=\"twitter:label1\" content=\"Estimated reading time\" \/>\n\t<meta name=\"twitter:data1\" content=\"5 minutes\" \/>\n<script type=\"application\/ld+json\" class=\"yoast-schema-graph\">{\"@context\":\"https:\\\/\\\/schema.org\",\"@graph\":[{\"@type\":\"WebPage\",\"@id\":\"https:\\\/\\\/elser.swiss\\\/agb\\\/\",\"url\":\"https:\\\/\\\/elser.swiss\\\/agb\\\/\",\"name\":\"AGB &#8211; elser.swiss\",\"isPartOf\":{\"@id\":\"https:\\\/\\\/elser.swiss\\\/#website\"},\"datePublished\":\"2025-04-22T13:31:32+00:00\",\"dateModified\":\"2025-05-19T18:23:04+00:00\",\"breadcrumb\":{\"@id\":\"https:\\\/\\\/elser.swiss\\\/agb\\\/#breadcrumb\"},\"inLanguage\":\"en-GB\",\"potentialAction\":[{\"@type\":\"ReadAction\",\"target\":[\"https:\\\/\\\/elser.swiss\\\/agb\\\/\"]}]},{\"@type\":\"BreadcrumbList\",\"@id\":\"https:\\\/\\\/elser.swiss\\\/agb\\\/#breadcrumb\",\"itemListElement\":[{\"@type\":\"ListItem\",\"position\":1,\"name\":\"Startseite\",\"item\":\"https:\\\/\\\/elser.swiss\\\/\"},{\"@type\":\"ListItem\",\"position\":2,\"name\":\"AGB\"}]},{\"@type\":\"WebSite\",\"@id\":\"https:\\\/\\\/elser.swiss\\\/#website\",\"url\":\"https:\\\/\\\/elser.swiss\\\/\",\"name\":\"elser.swiss\",\"description\":\"Reparatur Servicecenter Schweiz\",\"publisher\":{\"@id\":\"https:\\\/\\\/elser.swiss\\\/#organization\"},\"potentialAction\":[{\"@type\":\"SearchAction\",\"target\":{\"@type\":\"EntryPoint\",\"urlTemplate\":\"https:\\\/\\\/elser.swiss\\\/?s={search_term_string}\"},\"query-input\":{\"@type\":\"PropertyValueSpecification\",\"valueRequired\":true,\"valueName\":\"search_term_string\"}}],\"inLanguage\":\"en-GB\"},{\"@type\":\"Organization\",\"@id\":\"https:\\\/\\\/elser.swiss\\\/#organization\",\"name\":\"elser.swiss GmbH\",\"url\":\"https:\\\/\\\/elser.swiss\\\/\",\"logo\":{\"@type\":\"ImageObject\",\"inLanguage\":\"en-GB\",\"@id\":\"https:\\\/\\\/elser.swiss\\\/#\\\/schema\\\/logo\\\/image\\\/\",\"url\":\"https:\\\/\\\/new.elser.swiss\\\/wp-content\\\/uploads\\\/2024\\\/12\\\/elser-favicon-600x600-1.png\",\"contentUrl\":\"https:\\\/\\\/new.elser.swiss\\\/wp-content\\\/uploads\\\/2024\\\/12\\\/elser-favicon-600x600-1.png\",\"width\":2500,\"height\":2500,\"caption\":\"elser.swiss GmbH\"},\"image\":{\"@id\":\"https:\\\/\\\/elser.swiss\\\/#\\\/schema\\\/logo\\\/image\\\/\"},\"sameAs\":[\"https:\\\/\\\/www.facebook.com\\\/Elser.Swiss\\\/\",\"https:\\\/\\\/www.instagram.com\\\/elserswiss\"]}]}<\/script>\n<!-- \/ Yoast SEO plugin. -->","yoast_head_json":{"title":"AGB &#8211; elser.swiss","robots":{"index":"index","follow":"follow","max-snippet":"max-snippet:-1","max-image-preview":"max-image-preview:large","max-video-preview":"max-video-preview:-1"},"canonical":"https:\/\/elser.swiss\/en\/agb\/","og_locale":"en_GB","og_type":"article","og_title":"AGB &#8211; elser.swiss","og_url":"https:\/\/elser.swiss\/en\/agb\/","og_site_name":"elser.swiss","article_publisher":"https:\/\/www.facebook.com\/Elser.Swiss\/","article_modified_time":"2025-05-19T18:23:04+00:00","twitter_card":"summary_large_image","twitter_misc":{"Estimated reading time":"5 minutes"},"schema":{"@context":"https:\/\/schema.org","@graph":[{"@type":"WebPage","@id":"https:\/\/elser.swiss\/agb\/","url":"https:\/\/elser.swiss\/agb\/","name":"AGB &#8211; elser.swiss","isPartOf":{"@id":"https:\/\/elser.swiss\/#website"},"datePublished":"2025-04-22T13:31:32+00:00","dateModified":"2025-05-19T18:23:04+00:00","breadcrumb":{"@id":"https:\/\/elser.swiss\/agb\/#breadcrumb"},"inLanguage":"en-GB","potentialAction":[{"@type":"ReadAction","target":["https:\/\/elser.swiss\/agb\/"]}]},{"@type":"BreadcrumbList","@id":"https:\/\/elser.swiss\/agb\/#breadcrumb","itemListElement":[{"@type":"ListItem","position":1,"name":"Startseite","item":"https:\/\/elser.swiss\/"},{"@type":"ListItem","position":2,"name":"AGB"}]},{"@type":"WebSite","@id":"https:\/\/elser.swiss\/#website","url":"https:\/\/elser.swiss\/","name":"elser.swiss","description":"Reparatur Servicecenter Schweiz","publisher":{"@id":"https:\/\/elser.swiss\/#organization"},"potentialAction":[{"@type":"SearchAction","target":{"@type":"EntryPoint","urlTemplate":"https:\/\/elser.swiss\/?s={search_term_string}"},"query-input":{"@type":"PropertyValueSpecification","valueRequired":true,"valueName":"search_term_string"}}],"inLanguage":"en-GB"},{"@type":"Organization","@id":"https:\/\/elser.swiss\/#organization","name":"elser.swiss GmbH","url":"https:\/\/elser.swiss\/","logo":{"@type":"ImageObject","inLanguage":"en-GB","@id":"https:\/\/elser.swiss\/#\/schema\/logo\/image\/","url":"https:\/\/new.elser.swiss\/wp-content\/uploads\/2024\/12\/elser-favicon-600x600-1.png","contentUrl":"https:\/\/new.elser.swiss\/wp-content\/uploads\/2024\/12\/elser-favicon-600x600-1.png","width":2500,"height":2500,"caption":"elser.swiss GmbH"},"image":{"@id":"https:\/\/elser.swiss\/#\/schema\/logo\/image\/"},"sameAs":["https:\/\/www.facebook.com\/Elser.Swiss\/","https:\/\/www.instagram.com\/elserswiss"]}]}},"_links":{"self":[{"href":"https:\/\/elser.swiss\/en\/wp-json\/wp\/v2\/pages\/1311","targetHints":{"allow":["GET"]}}],"collection":[{"href":"https:\/\/elser.swiss\/en\/wp-json\/wp\/v2\/pages"}],"about":[{"href":"https:\/\/elser.swiss\/en\/wp-json\/wp\/v2\/types\/page"}],"author":[{"embeddable":true,"href":"https:\/\/elser.swiss\/en\/wp-json\/wp\/v2\/users\/1"}],"replies":[{"embeddable":true,"href":"https:\/\/elser.swiss\/en\/wp-json\/wp\/v2\/comments?post=1311"}],"version-history":[{"count":3,"href":"https:\/\/elser.swiss\/en\/wp-json\/wp\/v2\/pages\/1311\/revisions"}],"predecessor-version":[{"id":1473,"href":"https:\/\/elser.swiss\/en\/wp-json\/wp\/v2\/pages\/1311\/revisions\/1473"}],"wp:attachment":[{"href":"https:\/\/elser.swiss\/en\/wp-json\/wp\/v2\/media?parent=1311"}],"curies":[{"name":"wp","href":"https:\/\/api.w.org\/{rel}","templated":true}]}}