{"id":1138,"date":"2025-03-04T12:13:03","date_gmt":"2025-03-04T12:13:03","guid":{"rendered":"https:\/\/new.elser.swiss\/?page_id=1138"},"modified":"2025-04-28T13:11:37","modified_gmt":"2025-04-28T13:11:37","slug":"unsere-werkstatt","status":"publish","type":"page","link":"https:\/\/elser.swiss\/en\/ueber-uns\/unsere-werkstatt\/","title":{"rendered":"Our Repair Shop"},"content":{"rendered":"<div class=\"wpb-content-wrapper\"><div class=\"vc_row wpb_row vc_row-fluid vc_custom_1481576227367\"><div class=\"wpb_column vc_column_container vc_col-sm-12\"><div class=\"vc_column-inner\"><div class=\"wpb_wrapper\"><div id=\"ultimate-heading-976869eddda9b6ffc\" class=\"uvc-heading ult-adjust-bottom-margin ultimate-heading-976869eddda9b6ffc uvc-1506 \" data-hspacer=\"no_spacer\"  data-halign=\"center\" style=\"text-align:center\"><div class=\"uvc-heading-spacer no_spacer\" style=\"top\"><\/div><\/div><h6 style=\"text-align: center\" class=\"vc_custom_heading vc_do_custom_heading\" >elser.swiss<\/h6><h2 style=\"font-size: 50px;text-align: center\" class=\"vc_custom_heading vc_do_custom_heading\" >UNSERE WERKSTATT<\/h2><div class=\"vc_empty_space\"   style=\"height: 20px\"><span class=\"vc_empty_space_inner\"><\/span><\/div><div class=\"vc_row wpb_row vc_inner vc_row-fluid\"><div class=\"wpb_column vc_column_container vc_col-sm-2\"><div class=\"vc_column-inner\"><div class=\"wpb_wrapper\"><\/div><\/div><\/div><div class=\"wpb_column vc_column_container vc_col-sm-8\"><div class=\"vc_column-inner\"><div class=\"wpb_wrapper\">\n\t<div class=\"wpb_text_column wpb_content_element\" >\n\t\t<div class=\"wpb_wrapper\">\n\t\t\t<p>Dank unserer neuen, top ausgestatteten Werkstatt garantieren wir Ihnen einen schnellen Service mit einem reibungslosen Reparaturablauf. Unsere fachkundigen Techniker:innen arbeiten mit neuester Technologie und pr\u00e4zisen Diagnosewerkzeugen und sorgen daf\u00fcr, dass Ihre elektronischen Lieblinge schnell, professionell und zuverl\u00e4ssig repariert werden.<\/p>\n<p>Dabei legen wir stets auch grossen Wert auf Qualit\u00e4t, Effizienz und Nachhaltigkeit, ganz im Sinne unserer Philosophie:<\/p>\n<p><strong>Repair, Reuse, Reduce!<\/strong><\/p>\n\n\t\t<\/div>\n\t<\/div>\n<\/div><\/div><\/div><div class=\"wpb_column vc_column_container vc_col-sm-2\"><div class=\"vc_column-inner\"><div class=\"wpb_wrapper\"><\/div><\/div><\/div><\/div><\/div><\/div><\/div><\/div><div data-vc-full-width=\"true\" data-vc-full-width-init=\"false\" data-vc-stretch-content=\"true\" class=\"vc_row wpb_row vc_row-fluid vc_row-no-padding\"><div class=\"wpb_column vc_column_container vc_col-sm-2\"><div class=\"vc_column-inner\"><div class=\"wpb_wrapper\"><\/div><\/div><\/div><div class=\"wpb_column vc_column_container vc_col-sm-8\"><div class=\"vc_column-inner\"><div class=\"wpb_wrapper\">\n\t<div  class=\"wpb_single_image wpb_content_element vc_align_center wpb_content_element wpb_animate_when_almost_visible wpb_bottom-to-top bottom-to-top\">\n\t\t\n\t\t<figure class=\"wpb_wrapper vc_figure\">\n\t\t\t<div class=\"vc_single_image-wrapper   vc_box_border_grey\"><img loading=\"lazy\" decoding=\"async\" width=\"600\" height=\"400\" src=\"https:\/\/elser.swiss\/wp-content\/uploads\/2025\/04\/7M36789-600x400.jpg\" class=\"vc_single_image-img attachment-hazel_portfolio\" alt=\"\" title=\"_7M36789\" srcset=\"https:\/\/elser.swiss\/wp-content\/uploads\/2025\/04\/7M36789-600x400.jpg 600w, https:\/\/elser.swiss\/wp-content\/uploads\/2025\/04\/7M36789-300x200.jpg 300w, https:\/\/elser.swiss\/wp-content\/uploads\/2025\/04\/7M36789-1024x683.jpg 1024w, https:\/\/elser.swiss\/wp-content\/uploads\/2025\/04\/7M36789-768x512.jpg 768w, https:\/\/elser.swiss\/wp-content\/uploads\/2025\/04\/7M36789-1536x1024.jpg 1536w, https:\/\/elser.swiss\/wp-content\/uploads\/2025\/04\/7M36789-2048x1365.jpg 2048w, https:\/\/elser.swiss\/wp-content\/uploads\/2025\/04\/7M36789-18x12.jpg 18w, https:\/\/elser.swiss\/wp-content\/uploads\/2025\/04\/7M36789-scaled-e1744119387667.jpg 1800w\" sizes=\"auto, (max-width: 600px) 100vw, 600px\" \/><\/div>\n\t\t<\/figure>\n\t<\/div>\n<div class=\"vc_empty_space\"   style=\"height: 32px\"><span class=\"vc_empty_space_inner\"><\/span><\/div><div id=\"ult-carousel-357464997969eddda9ba995\" class=\"ult-carousel-wrapper   ult_horizontal\" data-gutter=\"15\" data-rtl=\"false\" ><div class=\"ult-carousel-33674320069eddda9ba951 \" >\n\t<div  class=\"wpb_single_image wpb_content_element vc_align_center wpb_content_element wpb_animate_when_almost_visible wpb_bottom-to-top bottom-to-top\">\n\t\t\n\t\t<figure class=\"wpb_wrapper vc_figure\">\n\t\t\t<div class=\"vc_single_image-wrapper   vc_box_border_grey\"><img loading=\"lazy\" decoding=\"async\" width=\"600\" height=\"400\" src=\"https:\/\/elser.swiss\/wp-content\/uploads\/2025\/04\/7M36649-600x400.jpg\" class=\"vc_single_image-img attachment-hazel_portfolio\" alt=\"\" title=\"_7M36649\" srcset=\"https:\/\/elser.swiss\/wp-content\/uploads\/2025\/04\/7M36649-600x400.jpg 600w, https:\/\/elser.swiss\/wp-content\/uploads\/2025\/04\/7M36649-300x200.jpg 300w, https:\/\/elser.swiss\/wp-content\/uploads\/2025\/04\/7M36649-1024x683.jpg 1024w, https:\/\/elser.swiss\/wp-content\/uploads\/2025\/04\/7M36649-768x512.jpg 768w, https:\/\/elser.swiss\/wp-content\/uploads\/2025\/04\/7M36649-1536x1024.jpg 1536w, https:\/\/elser.swiss\/wp-content\/uploads\/2025\/04\/7M36649-2048x1365.jpg 2048w, https:\/\/elser.swiss\/wp-content\/uploads\/2025\/04\/7M36649-18x12.jpg 18w, https:\/\/elser.swiss\/wp-content\/uploads\/2025\/04\/7M36649-scaled-e1744119637308.jpg 1800w\" sizes=\"auto, (max-width: 600px) 100vw, 600px\" \/><\/div>\n\t\t<\/figure>\n\t<\/div>\n\n\t<div  class=\"wpb_single_image wpb_content_element vc_align_center wpb_content_element wpb_animate_when_almost_visible wpb_bottom-to-top bottom-to-top\">\n\t\t\n\t\t<figure class=\"wpb_wrapper vc_figure\">\n\t\t\t<div class=\"vc_single_image-wrapper   vc_box_border_grey\"><img loading=\"lazy\" decoding=\"async\" width=\"600\" height=\"400\" src=\"https:\/\/elser.swiss\/wp-content\/uploads\/2025\/04\/7M36650-600x400.jpg\" class=\"vc_single_image-img attachment-hazel_portfolio\" alt=\"\" title=\"_7M36650\" srcset=\"https:\/\/elser.swiss\/wp-content\/uploads\/2025\/04\/7M36650-600x400.jpg 600w, https:\/\/elser.swiss\/wp-content\/uploads\/2025\/04\/7M36650-300x200.jpg 300w, https:\/\/elser.swiss\/wp-content\/uploads\/2025\/04\/7M36650-1024x683.jpg 1024w, https:\/\/elser.swiss\/wp-content\/uploads\/2025\/04\/7M36650-768x512.jpg 768w, https:\/\/elser.swiss\/wp-content\/uploads\/2025\/04\/7M36650-1536x1024.jpg 1536w, https:\/\/elser.swiss\/wp-content\/uploads\/2025\/04\/7M36650-2048x1365.jpg 2048w, https:\/\/elser.swiss\/wp-content\/uploads\/2025\/04\/7M36650-18x12.jpg 18w, https:\/\/elser.swiss\/wp-content\/uploads\/2025\/04\/7M36650-scaled-e1744119626209.jpg 1800w\" sizes=\"auto, (max-width: 600px) 100vw, 600px\" \/><\/div>\n\t\t<\/figure>\n\t<\/div>\n\n\t<div  class=\"wpb_single_image wpb_content_element vc_align_center wpb_content_element wpb_animate_when_almost_visible wpb_bottom-to-top bottom-to-top\">\n\t\t\n\t\t<figure class=\"wpb_wrapper vc_figure\">\n\t\t\t<div class=\"vc_single_image-wrapper   vc_box_border_grey\"><img loading=\"lazy\" decoding=\"async\" width=\"600\" height=\"400\" src=\"https:\/\/elser.swiss\/wp-content\/uploads\/2025\/04\/7M36652-600x400.jpg\" class=\"vc_single_image-img attachment-hazel_portfolio\" alt=\"\" title=\"_7M36652\" srcset=\"https:\/\/elser.swiss\/wp-content\/uploads\/2025\/04\/7M36652-600x400.jpg 600w, https:\/\/elser.swiss\/wp-content\/uploads\/2025\/04\/7M36652-300x200.jpg 300w, https:\/\/elser.swiss\/wp-content\/uploads\/2025\/04\/7M36652-1024x683.jpg 1024w, https:\/\/elser.swiss\/wp-content\/uploads\/2025\/04\/7M36652-768x512.jpg 768w, https:\/\/elser.swiss\/wp-content\/uploads\/2025\/04\/7M36652-1536x1024.jpg 1536w, https:\/\/elser.swiss\/wp-content\/uploads\/2025\/04\/7M36652-2048x1365.jpg 2048w, https:\/\/elser.swiss\/wp-content\/uploads\/2025\/04\/7M36652-18x12.jpg 18w, https:\/\/elser.swiss\/wp-content\/uploads\/2025\/04\/7M36652-scaled-e1744119606310.jpg 1800w\" sizes=\"auto, (max-width: 600px) 100vw, 600px\" \/><\/div>\n\t\t<\/figure>\n\t<\/div>\n<\/div><\/div>\t\t\t<script type=\"text\/javascript\">\n\t\t\t\tjQuery(document).ready(function ($) {\n\t\t\t\t\tif( typeof jQuery('.ult-carousel-33674320069eddda9ba951').slick == \"function\"){\n\t\t\t\t\t\t$('.ult-carousel-33674320069eddda9ba951').slick({dots: true,autoplay: true,autoplaySpeed: \"5000\",speed: \"300\",infinite: true,arrows: true,nextArrow: '<button type=\"button\" role=\"button\" aria-label=\"Next\" style=\"color:#333333; font-size:20px;\" class=\"slick-next default\"><i class=\"ultsl-arrow-right4\"><\/i><\/button>',prevArrow: '<button type=\"button\" role=\"button\" aria-label=\"Previous\" style=\"color:#333333; font-size:20px;\" class=\"slick-prev default\"><i class=\"ultsl-arrow-left4\"><\/i><\/button>',slidesToScroll:3,slidesToShow:3,swipe: true,draggable: true,touchMove: true,pauseOnHover: true,pauseOnFocus: false,responsive: [\n\t\t\t\t\t\t\t{\n\t\t\t\t\t\t\t  breakpoint: 1026,\n\t\t\t\t\t\t\t  settings: {\n\t\t\t\t\t\t\t\tslidesToShow: 3,\n\t\t\t\t\t\t\t\tslidesToScroll: 3,  \n\t\t\t\t\t\t\t  }\n\t\t\t\t\t\t\t},\n\t\t\t\t\t\t\t{\n\t\t\t\t\t\t\t  breakpoint: 1025,\n\t\t\t\t\t\t\t  settings: {\n\t\t\t\t\t\t\t\tslidesToShow: 3,\n\t\t\t\t\t\t\t\tslidesToScroll: 3\n\t\t\t\t\t\t\t  }\n\t\t\t\t\t\t\t},\n\t\t\t\t\t\t\t{\n\t\t\t\t\t\t\t  breakpoint: 760,\n\t\t\t\t\t\t\t  settings: {\n\t\t\t\t\t\t\t\tslidesToShow: 2,\n\t\t\t\t\t\t\t\tslidesToScroll: 2\n\t\t\t\t\t\t\t  }\n\t\t\t\t\t\t\t}\n\t\t\t\t\t\t],pauseOnDotsHover: true,customPaging: function(slider, i) {\n                   return '<i type=\"button\" style= \"color:#333333;\" class=\"ultsl-record\" data-role=\"none\"><\/i>';\n                },});\n\t\t\t\t\t}\n\t\t\t\t});\n\t\t\t<\/script>\n\t\t\t<\/div><\/div><\/div><div class=\"wpb_column vc_column_container vc_col-sm-2\"><div class=\"vc_column-inner\"><div class=\"wpb_wrapper\"><\/div><\/div><\/div><\/div><div class=\"vc_row-full-width vc_clearfix\"><\/div><div class=\"vc_row wpb_row vc_row-fluid\"><div class=\"wpb_column vc_column_container vc_col-sm-12\"><div class=\"vc_column-inner\"><div class=\"wpb_wrapper\"><div class=\"vc_empty_space\"   style=\"height: 100px\"><span class=\"vc_empty_space_inner\"><\/span><\/div><div class=\"vc_row wpb_row vc_inner vc_row-fluid\"><div class=\"wpb_column vc_column_container vc_col-sm-2\"><div class=\"vc_column-inner\"><div class=\"wpb_wrapper\"><div class=\"vc_empty_space\"   style=\"height: 100px\"><span class=\"vc_empty_space_inner\"><\/span><\/div><\/div><\/div><\/div><div class=\"wpb_column vc_column_container vc_col-sm-4\"><div class=\"vc_column-inner\"><div class=\"wpb_wrapper\">\n\t<div  class=\"wpb_single_image wpb_content_element vc_align_left wpb_content_element\">\n\t\t\n\t\t<figure class=\"wpb_wrapper vc_figure\">\n\t\t\t<div class=\"vc_single_image-wrapper   vc_box_border_grey\"><img loading=\"lazy\" decoding=\"async\" width=\"600\" height=\"400\" src=\"https:\/\/elser.swiss\/wp-content\/uploads\/2025\/04\/7M36721-600x400.jpg\" class=\"vc_single_image-img attachment-hazel_portfolio\" alt=\"\" title=\"_7M36721\" srcset=\"https:\/\/elser.swiss\/wp-content\/uploads\/2025\/04\/7M36721-600x400.jpg 600w, https:\/\/elser.swiss\/wp-content\/uploads\/2025\/04\/7M36721-300x200.jpg 300w, https:\/\/elser.swiss\/wp-content\/uploads\/2025\/04\/7M36721-1024x683.jpg 1024w, https:\/\/elser.swiss\/wp-content\/uploads\/2025\/04\/7M36721-768x512.jpg 768w, https:\/\/elser.swiss\/wp-content\/uploads\/2025\/04\/7M36721-1536x1024.jpg 1536w, https:\/\/elser.swiss\/wp-content\/uploads\/2025\/04\/7M36721-2048x1365.jpg 2048w, https:\/\/elser.swiss\/wp-content\/uploads\/2025\/04\/7M36721-18x12.jpg 18w, https:\/\/elser.swiss\/wp-content\/uploads\/2025\/04\/7M36721-scaled-e1744120265483.jpg 1800w\" sizes=\"auto, (max-width: 600px) 100vw, 600px\" \/><\/div>\n\t\t<\/figure>\n\t<\/div>\n<\/div><\/div><\/div><div class=\"wpb_column vc_column_container vc_col-sm-4\" id=\"#kaffee\"><div class=\"vc_column-inner\"><div class=\"wpb_wrapper\"><div class=\"aio-icon-component  vc_custom_1745330603498   style_1\"><div id=\"Info-box-wrap-9283\" class=\"aio-icon-box default-icon\" style=\"\"  ><div class=\"aio-icon-default\"><div class=\"ult-just-icon-wrapper  \"><div class=\"align-icon\" style=\"text-align:center;\">\n<div class=\"aio-icon circle \"  style=\"color:#333;background:#ffffff;font-size:60px;display:inline-block;\">\n\t<i class=\"linearicons-teacup\"><\/i>\n<\/div><\/div><\/div><\/div><div class=\"aio-icon-description ult-responsive\"  data-ultimate-target='#Info-box-wrap-9283 .aio-icon-description'  data-responsive-json-new='{\"font-size\":\"\",\"line-height\":\"\"}'  style=\"\"><\/p>\n<h3 id=\"coffee\">Coffee Time<\/h3>\n<p>Kommen Sie ungeniert und ohne Voranmeldung w\u00e4hrend unseren \u00d6ffnungszeiten bei uns vorbei, um die neusten Ger\u00e4te oder unsere moderne Werkstatt zu betrachten \u2013 wir offerieren Ihnen immer gerne einen Kaffee!<\/p>\n<p>&nbsp;<\/p>\n<p>&nbsp;<\/p>\n<p><\/div> <!-- description --><\/div> <!-- aio-icon-box --><\/div> <!-- aio-icon-component --><div class=\"vc_empty_space\"   style=\"height: 100px\"><span class=\"vc_empty_space_inner\"><\/span><\/div><\/div><\/div><\/div><div class=\"wpb_column vc_column_container vc_col-sm-2\"><div class=\"vc_column-inner\"><div class=\"wpb_wrapper\"><\/div><\/div><\/div><\/div><\/div><\/div><\/div><\/div>\n<\/div>","protected":false},"excerpt":{"rendered":"elser.swissUNSERE WERKSTATT Dank unserer neuen, top ausgestatteten Werkstatt garantieren wir Ihnen einen schnellen Service mit einem reibungslosen Reparaturablauf. Unsere fachkundigen Techniker:innen arbeiten mit neuester Technologie und pr\u00e4zisen Diagnosewerkzeugen und sorgen daf\u00fcr, dass Ihre elektronischen Lieblinge schnell, professionell und zuverl\u00e4ssig repariert werden. Dabei legen wir stets auch grossen Wert auf Qualit\u00e4t, Effizienz und Nachhaltigkeit, ganz im [...]","protected":false},"author":1,"featured_media":0,"parent":241,"menu_order":5,"comment_status":"closed","ping_status":"closed","template":"template-home.php","meta":{"footnotes":""},"class_list":["post-1138","page","type-page","status-publish","hentry"],"yoast_head":"<!-- This site is optimized with the Yoast SEO plugin v27.4 - https:\/\/yoast.com\/product\/yoast-seo-wordpress\/ -->\n<title>Unsere Werkstatt &#8211; elser.swiss<\/title>\n<meta name=\"robots\" content=\"index, follow, max-snippet:-1, max-image-preview:large, max-video-preview:-1\" \/>\n<link rel=\"canonical\" href=\"https:\/\/elser.swiss\/en\/ueber-uns\/unsere-werkstatt\/\" \/>\n<meta property=\"og:locale\" content=\"en_GB\" \/>\n<meta property=\"og:type\" content=\"article\" \/>\n<meta property=\"og:title\" content=\"Unsere Werkstatt &#8211; elser.swiss\" \/>\n<meta property=\"og:url\" content=\"https:\/\/elser.swiss\/en\/ueber-uns\/unsere-werkstatt\/\" \/>\n<meta property=\"og:site_name\" content=\"elser.swiss\" \/>\n<meta property=\"article:publisher\" content=\"https:\/\/www.facebook.com\/Elser.Swiss\/\" \/>\n<meta property=\"article:modified_time\" content=\"2025-04-28T13:11:37+00:00\" \/>\n<meta name=\"twitter:card\" content=\"summary_large_image\" \/>\n<meta name=\"twitter:label1\" content=\"Estimated reading time\" \/>\n\t<meta name=\"twitter:data1\" content=\"2 minutes\" \/>\n<script type=\"application\/ld+json\" class=\"yoast-schema-graph\">{\"@context\":\"https:\\\/\\\/schema.org\",\"@graph\":[{\"@type\":\"WebPage\",\"@id\":\"https:\\\/\\\/elser.swiss\\\/ueber-uns\\\/unsere-werkstatt\\\/\",\"url\":\"https:\\\/\\\/elser.swiss\\\/ueber-uns\\\/unsere-werkstatt\\\/\",\"name\":\"Unsere Werkstatt &#8211; elser.swiss\",\"isPartOf\":{\"@id\":\"https:\\\/\\\/elser.swiss\\\/#website\"},\"datePublished\":\"2025-03-04T12:13:03+00:00\",\"dateModified\":\"2025-04-28T13:11:37+00:00\",\"breadcrumb\":{\"@id\":\"https:\\\/\\\/elser.swiss\\\/ueber-uns\\\/unsere-werkstatt\\\/#breadcrumb\"},\"inLanguage\":\"en-GB\",\"potentialAction\":[{\"@type\":\"ReadAction\",\"target\":[\"https:\\\/\\\/elser.swiss\\\/ueber-uns\\\/unsere-werkstatt\\\/\"]}]},{\"@type\":\"BreadcrumbList\",\"@id\":\"https:\\\/\\\/elser.swiss\\\/ueber-uns\\\/unsere-werkstatt\\\/#breadcrumb\",\"itemListElement\":[{\"@type\":\"ListItem\",\"position\":1,\"name\":\"Startseite\",\"item\":\"https:\\\/\\\/elser.swiss\\\/\"},{\"@type\":\"ListItem\",\"position\":2,\"name\":\"\u00dcber uns\",\"item\":\"https:\\\/\\\/elser.swiss\\\/ueber-uns\\\/\"},{\"@type\":\"ListItem\",\"position\":3,\"name\":\"Unsere Werkstatt\"}]},{\"@type\":\"WebSite\",\"@id\":\"https:\\\/\\\/elser.swiss\\\/#website\",\"url\":\"https:\\\/\\\/elser.swiss\\\/\",\"name\":\"elser.swiss\",\"description\":\"Reparatur Servicecenter Schweiz\",\"publisher\":{\"@id\":\"https:\\\/\\\/elser.swiss\\\/#organization\"},\"potentialAction\":[{\"@type\":\"SearchAction\",\"target\":{\"@type\":\"EntryPoint\",\"urlTemplate\":\"https:\\\/\\\/elser.swiss\\\/?s={search_term_string}\"},\"query-input\":{\"@type\":\"PropertyValueSpecification\",\"valueRequired\":true,\"valueName\":\"search_term_string\"}}],\"inLanguage\":\"en-GB\"},{\"@type\":\"Organization\",\"@id\":\"https:\\\/\\\/elser.swiss\\\/#organization\",\"name\":\"elser.swiss GmbH\",\"url\":\"https:\\\/\\\/elser.swiss\\\/\",\"logo\":{\"@type\":\"ImageObject\",\"inLanguage\":\"en-GB\",\"@id\":\"https:\\\/\\\/elser.swiss\\\/#\\\/schema\\\/logo\\\/image\\\/\",\"url\":\"https:\\\/\\\/new.elser.swiss\\\/wp-content\\\/uploads\\\/2024\\\/12\\\/elser-favicon-600x600-1.png\",\"contentUrl\":\"https:\\\/\\\/new.elser.swiss\\\/wp-content\\\/uploads\\\/2024\\\/12\\\/elser-favicon-600x600-1.png\",\"width\":2500,\"height\":2500,\"caption\":\"elser.swiss GmbH\"},\"image\":{\"@id\":\"https:\\\/\\\/elser.swiss\\\/#\\\/schema\\\/logo\\\/image\\\/\"},\"sameAs\":[\"https:\\\/\\\/www.facebook.com\\\/Elser.Swiss\\\/\",\"https:\\\/\\\/www.instagram.com\\\/elserswiss\"]}]}<\/script>\n<!-- \/ Yoast SEO plugin. -->","yoast_head_json":{"title":"Unsere Werkstatt &#8211; elser.swiss","robots":{"index":"index","follow":"follow","max-snippet":"max-snippet:-1","max-image-preview":"max-image-preview:large","max-video-preview":"max-video-preview:-1"},"canonical":"https:\/\/elser.swiss\/en\/ueber-uns\/unsere-werkstatt\/","og_locale":"en_GB","og_type":"article","og_title":"Unsere Werkstatt &#8211; elser.swiss","og_url":"https:\/\/elser.swiss\/en\/ueber-uns\/unsere-werkstatt\/","og_site_name":"elser.swiss","article_publisher":"https:\/\/www.facebook.com\/Elser.Swiss\/","article_modified_time":"2025-04-28T13:11:37+00:00","twitter_card":"summary_large_image","twitter_misc":{"Estimated reading time":"2 minutes"},"schema":{"@context":"https:\/\/schema.org","@graph":[{"@type":"WebPage","@id":"https:\/\/elser.swiss\/ueber-uns\/unsere-werkstatt\/","url":"https:\/\/elser.swiss\/ueber-uns\/unsere-werkstatt\/","name":"Unsere Werkstatt &#8211; elser.swiss","isPartOf":{"@id":"https:\/\/elser.swiss\/#website"},"datePublished":"2025-03-04T12:13:03+00:00","dateModified":"2025-04-28T13:11:37+00:00","breadcrumb":{"@id":"https:\/\/elser.swiss\/ueber-uns\/unsere-werkstatt\/#breadcrumb"},"inLanguage":"en-GB","potentialAction":[{"@type":"ReadAction","target":["https:\/\/elser.swiss\/ueber-uns\/unsere-werkstatt\/"]}]},{"@type":"BreadcrumbList","@id":"https:\/\/elser.swiss\/ueber-uns\/unsere-werkstatt\/#breadcrumb","itemListElement":[{"@type":"ListItem","position":1,"name":"Startseite","item":"https:\/\/elser.swiss\/"},{"@type":"ListItem","position":2,"name":"\u00dcber uns","item":"https:\/\/elser.swiss\/ueber-uns\/"},{"@type":"ListItem","position":3,"name":"Unsere Werkstatt"}]},{"@type":"WebSite","@id":"https:\/\/elser.swiss\/#website","url":"https:\/\/elser.swiss\/","name":"elser.swiss","description":"Reparatur Servicecenter Schweiz","publisher":{"@id":"https:\/\/elser.swiss\/#organization"},"potentialAction":[{"@type":"SearchAction","target":{"@type":"EntryPoint","urlTemplate":"https:\/\/elser.swiss\/?s={search_term_string}"},"query-input":{"@type":"PropertyValueSpecification","valueRequired":true,"valueName":"search_term_string"}}],"inLanguage":"en-GB"},{"@type":"Organization","@id":"https:\/\/elser.swiss\/#organization","name":"elser.swiss GmbH","url":"https:\/\/elser.swiss\/","logo":{"@type":"ImageObject","inLanguage":"en-GB","@id":"https:\/\/elser.swiss\/#\/schema\/logo\/image\/","url":"https:\/\/new.elser.swiss\/wp-content\/uploads\/2024\/12\/elser-favicon-600x600-1.png","contentUrl":"https:\/\/new.elser.swiss\/wp-content\/uploads\/2024\/12\/elser-favicon-600x600-1.png","width":2500,"height":2500,"caption":"elser.swiss GmbH"},"image":{"@id":"https:\/\/elser.swiss\/#\/schema\/logo\/image\/"},"sameAs":["https:\/\/www.facebook.com\/Elser.Swiss\/","https:\/\/www.instagram.com\/elserswiss"]}]}},"_links":{"self":[{"href":"https:\/\/elser.swiss\/en\/wp-json\/wp\/v2\/pages\/1138","targetHints":{"allow":["GET"]}}],"collection":[{"href":"https:\/\/elser.swiss\/en\/wp-json\/wp\/v2\/pages"}],"about":[{"href":"https:\/\/elser.swiss\/en\/wp-json\/wp\/v2\/types\/page"}],"author":[{"embeddable":true,"href":"https:\/\/elser.swiss\/en\/wp-json\/wp\/v2\/users\/1"}],"replies":[{"embeddable":true,"href":"https:\/\/elser.swiss\/en\/wp-json\/wp\/v2\/comments?post=1138"}],"version-history":[{"count":0,"href":"https:\/\/elser.swiss\/en\/wp-json\/wp\/v2\/pages\/1138\/revisions"}],"up":[{"embeddable":true,"href":"https:\/\/elser.swiss\/en\/wp-json\/wp\/v2\/pages\/241"}],"wp:attachment":[{"href":"https:\/\/elser.swiss\/en\/wp-json\/wp\/v2\/media?parent=1138"}],"curies":[{"name":"wp","href":"https:\/\/api.w.org\/{rel}","templated":true}]}}