{"id":1131,"date":"2025-02-27T16:04:03","date_gmt":"2025-02-27T16:04:03","guid":{"rendered":"https:\/\/new.elser.swiss\/?page_id=1131"},"modified":"2025-08-19T22:21:27","modified_gmt":"2025-08-19T22:21:27","slug":"oral-b-braun","status":"publish","type":"page","link":"https:\/\/elser.swiss\/en\/oral-b-braun\/","title":{"rendered":"Oral B &#038; Braun"},"content":{"rendered":"<div class=\"wpb-content-wrapper\"><div class=\"vc_row wpb_row vc_row-fluid home-portfolio vc_custom_1508603884585\"><div class=\"wpb_animate_when_almost_visible wpb_fadeInUp fadeInUp wpb_column vc_column_container vc_col-sm-12\"><div class=\"vc_column-inner\"><div class=\"wpb_wrapper\"><div id=\"uvc-type-wrap-7239\"  data-ultimate-target='#uvc-type-wrap-7239'  data-responsive-json-new='{\"font-size\":\"desktop:60px;tablet_portrait:40px;mobile_landscape:40px;mobile:28px;\",\"line-height\":\"desktop:80px;tablet_portrait:60px;mobile_landscape:60px;mobile:40px;\"}'  class=\"uvc-type-wrap  ult-adjust-bottom-margin ult-responsive small-letter-spacing uvc-type-align-center uvc-type-no-prefix uvc-wrap-283471359369eba62445a0c\" style=\"text-align:center;\"><span id=\"typed-283471359369eba62445a0c\" class=\"ultimate-typed-main \" style=\"color:#1a222d; font-family:&#039;Josefin Sans&#039;;font-weight:300; text-transform: unset;\"><\/span><script type=\"text\/javascript\">\n\t\t\t\t\t\tjQuery(function($){ \n\t\t\t\t\t\t\t$(document).ready(function(){\n\t\t\t\t\t\t\t\tif( typeof jQuery(\"#typed-283471359369eba62445a0c\").typed == \"function\"){\n\t\t\t\t\t\t\t\t\t$(\"#typed-283471359369eba62445a0c\").typed({\n\t\t\t\t\t\t\t\t\t\tstrings: [\"ORAL B\",\"BRAUN\",\"Reparatur-Partner\"],\n\t\t\t\t\t\t\t\t\t\ttypeSpeed: 100,\n\t\t\t\t\t\t\t\t\t\tbackSpeed: 50,\n\t\t\t\t\t\t\t\t\t\tstartDelay: \"0\",\n\t\t\t\t\t\t\t\t\t\tbackDelay: \"3000\",\n\t\t\t\t\t\t\t\t\t\tloop: true,\n\t\t\t\t\t\t\t\t\t\tloopCount: false,\n\t\t\t\t\t\t\t\t\t\tshowCursor: true,\n\t\t\t\t\t\t\t\t\t\tcursorChar: \"_\",\n\t\t\t\t\t\t\t\t\t\tattr: null\n\t\t\t\t\t\t\t\t\t});\n\t\t\t\t\t\t\t\t}\n\t\t\t\t\t\t\t});\n\t\t\t\t\t\t});\n\t\t\t\t\t<\/script><style>\n\t\t\t\t\t\t\t.uvc-wrap-283471359369eba62445a0c .typed-cursor {\n\t\t\t\t\t\t\t\tcolor:#191919;\n\t\t\t\t\t\t\t}\n\t\t\t\t\t\t<\/style><\/div><div class=\"vc_empty_space\"   style=\"height: 20px\"><span class=\"vc_empty_space_inner\"><\/span><\/div><div class=\"vc_row wpb_row vc_inner vc_row-fluid\"><div class=\"wpb_column vc_column_container vc_col-sm-2\"><div class=\"vc_column-inner\"><div class=\"wpb_wrapper\"><\/div><\/div><\/div><div class=\"wpb_column vc_column_container vc_col-sm-8\"><div class=\"vc_column-inner\"><div class=\"wpb_wrapper\"><p style=\"font-size: 15px;color: #a3a3a3;text-align: center\" class=\"vc_custom_heading vc_do_custom_heading no-letter-spacing\" >elser.swiss ist offizieller Partner f\u00fcr Reparaturauftr\u00e4ge der Firmen Oral B &amp; Braun.<\/p><\/div><\/div><\/div><div class=\"wpb_column vc_column_container vc_col-sm-2\"><div class=\"vc_column-inner\"><div class=\"wpb_wrapper\"><\/div><\/div><\/div><\/div><div class=\"vc_empty_space\"   style=\"height: 10px\"><span class=\"vc_empty_space_inner\"><\/span><\/div><\/div><\/div><\/div><\/div><div class=\"vc_row wpb_row vc_row-fluid vc_custom_1734024124495\"><\/div><div class=\"vc_row wpb_row vc_row-fluid vc_custom_1755640597859\"><div class=\"wpb_column vc_column_container vc_col-sm-2\/5 vc_col-xs-11\"><div class=\"vc_column-inner\"><div class=\"wpb_wrapper\"><div class=\"vc_row wpb_row vc_inner vc_row-fluid vc_custom_1447633643271\"><div class=\"wpb_column vc_column_container vc_col-sm-12\"><div class=\"vc_column-inner\"><div class=\"wpb_wrapper\"><div class=\"aio-icon-component    style_1\"><div id=\"Info-box-wrap-6330\" class=\"aio-icon-box left-icon\" style=\"\"  ><div class=\"aio-icon-left\"><div class=\"ult-just-icon-wrapper  \"><div class=\"align-icon\" style=\"text-align:center;\">\n<div class=\"aio-icon-img \" style=\"font-size:60px;display:inline-block;\" data-animation=\"fadeInUp\" data-animation-delay=\"03\">\n\t<img decoding=\"async\" class=\"img-icon\" alt=\"null\" src=\"https:\/\/elser.swiss\/wp-content\/uploads\/2025\/03\/icons-elser.swiss-numbers-dunkelblau_1.png\"\/>\n<\/div><\/div><\/div><\/div><div class=\"aio-ibd-block\"><div class=\"aio-icon-header\" ><h3 class=\"aio-icon-title ult-responsive\"  data-ultimate-target='#Info-box-wrap-6330 .aio-icon-title'  data-responsive-json-new='{\"font-size\":\"desktop:11px;\",\"line-height\":\"\"}'  style=\"font-family:&#039;Montserrat&#039;;font-weight:700;\">REPARATUR ANMELDEN<\/h3><\/div> <!-- header --><div class=\"aio-icon-description ult-responsive\"  data-ultimate-target='#Info-box-wrap-6330 .aio-icon-description'  data-responsive-json-new='{\"font-size\":\"\",\"line-height\":\"\"}'  style=\"\">Haben Sie ein defektes Ger\u00e4t von Oral B oder Braun?<\/p>\n<p>Dann klicken Sie auf den Button unten, um Ihre Reparaturanfrage zu starten.<\/div> <!-- description --><\/div> <!-- aio-ibd-block --><\/div> <!-- aio-icon-box --><\/div> <!-- aio-icon-component --><div class=\"vc_btn3-container vc_btn3-center vc_do_btn\" ><a class=\"vc_general vc_btn3 vc_btn3-size-md vc_btn3-shape-square vc_btn3-style-outline vc_btn3-color-primary\" href=\"https:\/\/braun-ch.infotip-rts.com\/Home.xhtml\" title=\"\" target=\"_blank\">REPARATUR ANMELDEN<\/a><\/div><\/div><\/div><\/div><\/div><div class=\"vc_row wpb_row vc_inner vc_row-fluid\"><div class=\"wpb_column vc_column_container vc_col-sm-12\"><div class=\"vc_column-inner\"><div class=\"wpb_wrapper\"><div class=\"aio-icon-component    style_1\"><div id=\"Info-box-wrap-5650\" class=\"aio-icon-box left-icon\" style=\"\"  ><div class=\"aio-icon-left\"><div class=\"ult-just-icon-wrapper  \"><div class=\"align-icon\" style=\"text-align:center;\">\n<div class=\"aio-icon-img \" style=\"font-size:60px;display:inline-block;\" data-animation=\"fadeInUp\" data-animation-delay=\"03\">\n\t<img decoding=\"async\" class=\"img-icon\" alt=\"null\" src=\"https:\/\/elser.swiss\/wp-content\/uploads\/2025\/03\/icons-elser.swiss-numbers-dunkelblau_2.png\"\/>\n<\/div><\/div><\/div><\/div><div class=\"aio-ibd-block\"><div class=\"aio-icon-header\" ><h3 class=\"aio-icon-title ult-responsive\"  data-ultimate-target='#Info-box-wrap-5650 .aio-icon-title'  data-responsive-json-new='{\"font-size\":\"desktop:11px;\",\"line-height\":\"\"}'  style=\"font-family:&#039;Montserrat&#039;;font-weight:700;\">GER\u00c4T AUSW\u00c4HLEN<\/h3><\/div> <!-- header --><\/div> <!-- aio-ibd-block --><\/div> <!-- aio-icon-box --><\/div> <!-- aio-icon-component --><\/div><\/div><\/div><\/div><div class=\"vc_row wpb_row vc_inner vc_row-fluid\"><div class=\"wpb_column vc_column_container vc_col-sm-12\"><div class=\"vc_column-inner\"><div class=\"wpb_wrapper\"><div class=\"aio-icon-component    style_1\"><div id=\"Info-box-wrap-2791\" class=\"aio-icon-box left-icon\" style=\"\"  ><div class=\"aio-icon-left\"><div class=\"ult-just-icon-wrapper  \"><div class=\"align-icon\" style=\"text-align:center;\">\n<div class=\"aio-icon-img \" style=\"font-size:60px;display:inline-block;\" data-animation=\"fadeInUp\" data-animation-delay=\"03\">\n\t<img decoding=\"async\" class=\"img-icon\" alt=\"null\" src=\"https:\/\/elser.swiss\/wp-content\/uploads\/2025\/03\/icons-elser.swiss-numbers-dunkelblau_3.png\"\/>\n<\/div><\/div><\/div><\/div><div class=\"aio-ibd-block\"><div class=\"aio-icon-header\" ><h3 class=\"aio-icon-title ult-responsive\"  data-ultimate-target='#Info-box-wrap-2791 .aio-icon-title'  data-responsive-json-new='{\"font-size\":\"desktop:11px;\",\"line-height\":\"\"}'  style=\"font-family:&#039;Montserrat&#039;;font-weight:700;\">FEHLERANALYSE ERSTELLEN<\/h3><\/div> <!-- header --><\/div> <!-- aio-ibd-block --><\/div> <!-- aio-icon-box --><\/div> <!-- aio-icon-component --><\/div><\/div><\/div><\/div><div class=\"vc_row wpb_row vc_inner vc_row-fluid\"><div class=\"wpb_column vc_column_container vc_col-sm-12\"><div class=\"vc_column-inner\"><div class=\"wpb_wrapper\"><div class=\"aio-icon-component    style_1\"><div id=\"Info-box-wrap-3358\" class=\"aio-icon-box left-icon\" style=\"\"  ><div class=\"aio-icon-left\"><div class=\"ult-just-icon-wrapper  \"><div class=\"align-icon\" style=\"text-align:center;\">\n<div class=\"aio-icon-img \" style=\"font-size:60px;display:inline-block;\" data-animation=\"fadeInUp\" data-animation-delay=\"03\">\n\t<img decoding=\"async\" class=\"img-icon\" alt=\"null\" src=\"https:\/\/elser.swiss\/wp-content\/uploads\/2025\/03\/icons-elser.swiss-numbers-dunkelblau_4.png\"\/>\n<\/div><\/div><\/div><\/div><div class=\"aio-ibd-block\"><div class=\"aio-icon-header\" ><h3 class=\"aio-icon-title ult-responsive\"  data-ultimate-target='#Info-box-wrap-3358 .aio-icon-title'  data-responsive-json-new='{\"font-size\":\"desktop:11px;\",\"line-height\":\"\"}'  style=\"font-family:&#039;Montserrat&#039;;font-weight:700;\">AUFTRAG ERFASSEN<\/h3><\/div> <!-- header --><\/div> <!-- aio-ibd-block --><\/div> <!-- aio-icon-box --><\/div> <!-- aio-icon-component --><\/div><\/div><\/div><\/div><div class=\"vc_row wpb_row vc_inner vc_row-fluid\"><div class=\"wpb_column vc_column_container vc_col-sm-10\"><div class=\"vc_column-inner\"><div class=\"wpb_wrapper\"><div class=\"aio-icon-component    style_1\"><div id=\"Info-box-wrap-7453\" class=\"aio-icon-box left-icon\" style=\"\"  ><div class=\"aio-icon-left\"><div class=\"ult-just-icon-wrapper  \"><div class=\"align-icon\" style=\"text-align:center;\">\n<div class=\"aio-icon-img \" style=\"font-size:60px;display:inline-block;\" data-animation=\"fadeInUp\" data-animation-delay=\"03\">\n\t<img decoding=\"async\" class=\"img-icon\" alt=\"null\" src=\"https:\/\/elser.swiss\/wp-content\/uploads\/2025\/03\/icons-elser.swiss-numbers-dunkelblau_5.png\"\/>\n<\/div><\/div><\/div><\/div><div class=\"aio-ibd-block\"><div class=\"aio-icon-header\" ><h3 class=\"aio-icon-title ult-responsive\"  data-ultimate-target='#Info-box-wrap-7453 .aio-icon-title'  data-responsive-json-new='{\"font-size\":\"desktop:11px;\",\"line-height\":\"\"}'  style=\"font-family:&#039;Montserrat&#039;;font-weight:700;\">GER\u00c4T EINSENDEN<\/h3><\/div> <!-- header --><\/div> <!-- aio-ibd-block --><\/div> <!-- aio-icon-box --><\/div> <!-- aio-icon-component --><\/div><\/div><\/div><div class=\"wpb_column vc_column_container vc_col-sm-2\"><div class=\"vc_column-inner\"><div class=\"wpb_wrapper\"><\/div><\/div><\/div><\/div><div class=\"vc_row wpb_row vc_inner vc_row-fluid\"><div class=\"wpb_column vc_column_container vc_col-sm-12\"><div class=\"vc_column-inner\"><div class=\"wpb_wrapper\"><div class=\"ult-spacer spacer-69eba6244e776\" data-id=\"69eba6244e776\" data-height=\"\" data-height-mobile=\"\" data-height-tab=\"\" data-height-tab-portrait=\"\" data-height-mobile-landscape=\"\" style=\"clear:both;display:block;\"><\/div><\/div><\/div><\/div><\/div><\/div><\/div><\/div><div class=\"wpb_column vc_column_container vc_col-sm-3\/5 vc_hidden-xs\" id=\"https:\/\/elser.swiss\/wp-content\/uploads\/2025\/04\/elser.swiss-ORAL-B-BRAUN-scaled.jpg\"><div class=\"vc_column-inner\"><div class=\"wpb_wrapper\">\n\t<div  class=\"wpb_single_image wpb_content_element vc_align_center wpb_content_element\">\n\t\t\n\t\t<figure class=\"wpb_wrapper vc_figure\">\n\t\t\t<div class=\"vc_single_image-wrapper   vc_box_border_grey\"><img loading=\"lazy\" decoding=\"async\" width=\"1650\" height=\"1440\" src=\"https:\/\/elser.swiss\/wp-content\/uploads\/2025\/08\/elser.swiss-ORAL-B-BRAUN-scaled-e1755640923307.jpg\" class=\"vc_single_image-img attachment-full\" alt=\"elser.swiss ist offizieller Partner von ORAL B und BRAUN\" title=\"elser.swiss-ORAL-B-BRAUN\" srcset=\"https:\/\/elser.swiss\/wp-content\/uploads\/2025\/08\/elser.swiss-ORAL-B-BRAUN-scaled-e1755640923307.jpg 1650w, https:\/\/elser.swiss\/wp-content\/uploads\/2025\/08\/elser.swiss-ORAL-B-BRAUN-scaled-e1755640923307-300x262.jpg 300w, https:\/\/elser.swiss\/wp-content\/uploads\/2025\/08\/elser.swiss-ORAL-B-BRAUN-scaled-e1755640923307-1024x894.jpg 1024w, https:\/\/elser.swiss\/wp-content\/uploads\/2025\/08\/elser.swiss-ORAL-B-BRAUN-scaled-e1755640923307-768x670.jpg 768w, https:\/\/elser.swiss\/wp-content\/uploads\/2025\/08\/elser.swiss-ORAL-B-BRAUN-scaled-e1755640923307-1536x1341.jpg 1536w, https:\/\/elser.swiss\/wp-content\/uploads\/2025\/08\/elser.swiss-ORAL-B-BRAUN-scaled-e1755640923307-14x12.jpg 14w\" sizes=\"auto, (max-width: 1650px) 100vw, 1650px\" \/><\/div>\n\t\t<\/figure>\n\t<\/div>\n<\/div><\/div><\/div><\/div><!-- Row Backgrounds --><div class=\"vc_row wpb_row vc_row-fluid\"><div class=\"wpb_column vc_column_container vc_col-sm-4\"><div class=\"vc_column-inner\"><div class=\"wpb_wrapper\"><\/div><\/div><\/div><div class=\"wpb_column vc_column_container vc_col-sm-4\"><div class=\"vc_column-inner\"><div class=\"wpb_wrapper\"><\/div><\/div><\/div><div class=\"wpb_column vc_column_container vc_col-sm-4\"><div class=\"vc_column-inner\"><div class=\"wpb_wrapper\"><\/div><\/div><\/div><\/div>\n<\/div>","protected":false},"excerpt":{"rendered":"elser.swiss ist offizieller Partner f\u00fcr Reparaturauftr\u00e4ge der Firmen Oral B &amp; Braun. REPARATUR ANMELDEN Haben Sie ein defektes Ger\u00e4t von Oral B oder Braun? Dann klicken Sie auf den Button unten, um Ihre Reparaturanfrage zu starten. REPARATUR ANMELDEN GER\u00c4T AUSW\u00c4HLEN FEHLERANALYSE ERSTELLEN AUFTRAG ERFASSEN GER\u00c4T EINSENDEN","protected":false},"author":1,"featured_media":904,"parent":0,"menu_order":3,"comment_status":"closed","ping_status":"closed","template":"page.php","meta":{"footnotes":""},"class_list":["post-1131","page","type-page","status-publish","has-post-thumbnail","hentry"],"yoast_head":"<!-- This site is optimized with the Yoast SEO plugin v27.4 - https:\/\/yoast.com\/product\/yoast-seo-wordpress\/ -->\n<title>Oral B &amp; Braun &#8211; elser.swiss<\/title>\n<meta name=\"description\" content=\"elser.swiss ist offizieller Partner f\u00fcr Reparaturauftr\u00e4ge der Firmen Oral B &amp; Braun.\" \/>\n<meta name=\"robots\" content=\"index, follow, max-snippet:-1, max-image-preview:large, max-video-preview:-1\" \/>\n<link rel=\"canonical\" href=\"https:\/\/elser.swiss\/en\/oral-b-braun\/\" \/>\n<meta property=\"og:locale\" content=\"en_GB\" \/>\n<meta property=\"og:type\" content=\"article\" \/>\n<meta property=\"og:title\" content=\"Oral B &amp; Braun &#8211; elser.swiss\" \/>\n<meta property=\"og:description\" content=\"elser.swiss ist offizieller Partner f\u00fcr Reparaturauftr\u00e4ge der Firmen Oral B &amp; Braun.\" \/>\n<meta property=\"og:url\" content=\"https:\/\/elser.swiss\/en\/oral-b-braun\/\" \/>\n<meta property=\"og:site_name\" content=\"elser.swiss\" \/>\n<meta property=\"article:publisher\" content=\"https:\/\/www.facebook.com\/Elser.Swiss\/\" \/>\n<meta property=\"article:modified_time\" content=\"2025-08-19T22:21:27+00:00\" \/>\n<meta property=\"og:image\" content=\"https:\/\/elser.swiss\/wp-content\/uploads\/2025\/01\/elser.swiss-slide-2.jpg\" \/>\n\t<meta property=\"og:image:width\" content=\"2560\" \/>\n\t<meta property=\"og:image:height\" content=\"1440\" \/>\n\t<meta property=\"og:image:type\" content=\"image\/jpeg\" \/>\n<meta name=\"twitter:card\" content=\"summary_large_image\" \/>\n<meta name=\"twitter:label1\" content=\"Estimated reading time\" \/>\n\t<meta name=\"twitter:data1\" content=\"2 minutes\" \/>\n<script type=\"application\/ld+json\" class=\"yoast-schema-graph\">{\"@context\":\"https:\\\/\\\/schema.org\",\"@graph\":[{\"@type\":\"WebPage\",\"@id\":\"https:\\\/\\\/elser.swiss\\\/oral-b-braun\\\/\",\"url\":\"https:\\\/\\\/elser.swiss\\\/oral-b-braun\\\/\",\"name\":\"Oral B & Braun &#8211; elser.swiss\",\"isPartOf\":{\"@id\":\"https:\\\/\\\/elser.swiss\\\/#website\"},\"primaryImageOfPage\":{\"@id\":\"https:\\\/\\\/elser.swiss\\\/oral-b-braun\\\/#primaryimage\"},\"image\":{\"@id\":\"https:\\\/\\\/elser.swiss\\\/oral-b-braun\\\/#primaryimage\"},\"thumbnailUrl\":\"https:\\\/\\\/elser.swiss\\\/wp-content\\\/uploads\\\/2025\\\/01\\\/elser.swiss-slide-2.jpg\",\"datePublished\":\"2025-02-27T16:04:03+00:00\",\"dateModified\":\"2025-08-19T22:21:27+00:00\",\"description\":\"elser.swiss ist offizieller Partner f\u00fcr Reparaturauftr\u00e4ge der Firmen Oral B & Braun.\",\"breadcrumb\":{\"@id\":\"https:\\\/\\\/elser.swiss\\\/oral-b-braun\\\/#breadcrumb\"},\"inLanguage\":\"en-GB\",\"potentialAction\":[{\"@type\":\"ReadAction\",\"target\":[\"https:\\\/\\\/elser.swiss\\\/oral-b-braun\\\/\"]}]},{\"@type\":\"ImageObject\",\"inLanguage\":\"en-GB\",\"@id\":\"https:\\\/\\\/elser.swiss\\\/oral-b-braun\\\/#primaryimage\",\"url\":\"https:\\\/\\\/elser.swiss\\\/wp-content\\\/uploads\\\/2025\\\/01\\\/elser.swiss-slide-2.jpg\",\"contentUrl\":\"https:\\\/\\\/elser.swiss\\\/wp-content\\\/uploads\\\/2025\\\/01\\\/elser.swiss-slide-2.jpg\",\"width\":2560,\"height\":1440},{\"@type\":\"BreadcrumbList\",\"@id\":\"https:\\\/\\\/elser.swiss\\\/oral-b-braun\\\/#breadcrumb\",\"itemListElement\":[{\"@type\":\"ListItem\",\"position\":1,\"name\":\"Startseite\",\"item\":\"https:\\\/\\\/elser.swiss\\\/\"},{\"@type\":\"ListItem\",\"position\":2,\"name\":\"Oral B &#038; Braun\"}]},{\"@type\":\"WebSite\",\"@id\":\"https:\\\/\\\/elser.swiss\\\/#website\",\"url\":\"https:\\\/\\\/elser.swiss\\\/\",\"name\":\"elser.swiss\",\"description\":\"Reparatur Servicecenter Schweiz\",\"publisher\":{\"@id\":\"https:\\\/\\\/elser.swiss\\\/#organization\"},\"potentialAction\":[{\"@type\":\"SearchAction\",\"target\":{\"@type\":\"EntryPoint\",\"urlTemplate\":\"https:\\\/\\\/elser.swiss\\\/?s={search_term_string}\"},\"query-input\":{\"@type\":\"PropertyValueSpecification\",\"valueRequired\":true,\"valueName\":\"search_term_string\"}}],\"inLanguage\":\"en-GB\"},{\"@type\":\"Organization\",\"@id\":\"https:\\\/\\\/elser.swiss\\\/#organization\",\"name\":\"elser.swiss GmbH\",\"url\":\"https:\\\/\\\/elser.swiss\\\/\",\"logo\":{\"@type\":\"ImageObject\",\"inLanguage\":\"en-GB\",\"@id\":\"https:\\\/\\\/elser.swiss\\\/#\\\/schema\\\/logo\\\/image\\\/\",\"url\":\"https:\\\/\\\/new.elser.swiss\\\/wp-content\\\/uploads\\\/2024\\\/12\\\/elser-favicon-600x600-1.png\",\"contentUrl\":\"https:\\\/\\\/new.elser.swiss\\\/wp-content\\\/uploads\\\/2024\\\/12\\\/elser-favicon-600x600-1.png\",\"width\":2500,\"height\":2500,\"caption\":\"elser.swiss GmbH\"},\"image\":{\"@id\":\"https:\\\/\\\/elser.swiss\\\/#\\\/schema\\\/logo\\\/image\\\/\"},\"sameAs\":[\"https:\\\/\\\/www.facebook.com\\\/Elser.Swiss\\\/\",\"https:\\\/\\\/www.instagram.com\\\/elserswiss\"]}]}<\/script>\n<!-- \/ Yoast SEO plugin. -->","yoast_head_json":{"title":"Oral B & Braun &#8211; elser.swiss","description":"elser.swiss ist offizieller Partner f\u00fcr Reparaturauftr\u00e4ge der Firmen Oral B & Braun.","robots":{"index":"index","follow":"follow","max-snippet":"max-snippet:-1","max-image-preview":"max-image-preview:large","max-video-preview":"max-video-preview:-1"},"canonical":"https:\/\/elser.swiss\/en\/oral-b-braun\/","og_locale":"en_GB","og_type":"article","og_title":"Oral B & Braun &#8211; elser.swiss","og_description":"elser.swiss ist offizieller Partner f\u00fcr Reparaturauftr\u00e4ge der Firmen Oral B & Braun.","og_url":"https:\/\/elser.swiss\/en\/oral-b-braun\/","og_site_name":"elser.swiss","article_publisher":"https:\/\/www.facebook.com\/Elser.Swiss\/","article_modified_time":"2025-08-19T22:21:27+00:00","og_image":[{"width":2560,"height":1440,"url":"https:\/\/elser.swiss\/wp-content\/uploads\/2025\/01\/elser.swiss-slide-2.jpg","type":"image\/jpeg"}],"twitter_card":"summary_large_image","twitter_misc":{"Estimated reading time":"2 minutes"},"schema":{"@context":"https:\/\/schema.org","@graph":[{"@type":"WebPage","@id":"https:\/\/elser.swiss\/oral-b-braun\/","url":"https:\/\/elser.swiss\/oral-b-braun\/","name":"Oral B & Braun &#8211; elser.swiss","isPartOf":{"@id":"https:\/\/elser.swiss\/#website"},"primaryImageOfPage":{"@id":"https:\/\/elser.swiss\/oral-b-braun\/#primaryimage"},"image":{"@id":"https:\/\/elser.swiss\/oral-b-braun\/#primaryimage"},"thumbnailUrl":"https:\/\/elser.swiss\/wp-content\/uploads\/2025\/01\/elser.swiss-slide-2.jpg","datePublished":"2025-02-27T16:04:03+00:00","dateModified":"2025-08-19T22:21:27+00:00","description":"elser.swiss ist offizieller Partner f\u00fcr Reparaturauftr\u00e4ge der Firmen Oral B & Braun.","breadcrumb":{"@id":"https:\/\/elser.swiss\/oral-b-braun\/#breadcrumb"},"inLanguage":"en-GB","potentialAction":[{"@type":"ReadAction","target":["https:\/\/elser.swiss\/oral-b-braun\/"]}]},{"@type":"ImageObject","inLanguage":"en-GB","@id":"https:\/\/elser.swiss\/oral-b-braun\/#primaryimage","url":"https:\/\/elser.swiss\/wp-content\/uploads\/2025\/01\/elser.swiss-slide-2.jpg","contentUrl":"https:\/\/elser.swiss\/wp-content\/uploads\/2025\/01\/elser.swiss-slide-2.jpg","width":2560,"height":1440},{"@type":"BreadcrumbList","@id":"https:\/\/elser.swiss\/oral-b-braun\/#breadcrumb","itemListElement":[{"@type":"ListItem","position":1,"name":"Startseite","item":"https:\/\/elser.swiss\/"},{"@type":"ListItem","position":2,"name":"Oral B &#038; Braun"}]},{"@type":"WebSite","@id":"https:\/\/elser.swiss\/#website","url":"https:\/\/elser.swiss\/","name":"elser.swiss","description":"Reparatur Servicecenter Schweiz","publisher":{"@id":"https:\/\/elser.swiss\/#organization"},"potentialAction":[{"@type":"SearchAction","target":{"@type":"EntryPoint","urlTemplate":"https:\/\/elser.swiss\/?s={search_term_string}"},"query-input":{"@type":"PropertyValueSpecification","valueRequired":true,"valueName":"search_term_string"}}],"inLanguage":"en-GB"},{"@type":"Organization","@id":"https:\/\/elser.swiss\/#organization","name":"elser.swiss GmbH","url":"https:\/\/elser.swiss\/","logo":{"@type":"ImageObject","inLanguage":"en-GB","@id":"https:\/\/elser.swiss\/#\/schema\/logo\/image\/","url":"https:\/\/new.elser.swiss\/wp-content\/uploads\/2024\/12\/elser-favicon-600x600-1.png","contentUrl":"https:\/\/new.elser.swiss\/wp-content\/uploads\/2024\/12\/elser-favicon-600x600-1.png","width":2500,"height":2500,"caption":"elser.swiss GmbH"},"image":{"@id":"https:\/\/elser.swiss\/#\/schema\/logo\/image\/"},"sameAs":["https:\/\/www.facebook.com\/Elser.Swiss\/","https:\/\/www.instagram.com\/elserswiss"]}]}},"_links":{"self":[{"href":"https:\/\/elser.swiss\/en\/wp-json\/wp\/v2\/pages\/1131","targetHints":{"allow":["GET"]}}],"collection":[{"href":"https:\/\/elser.swiss\/en\/wp-json\/wp\/v2\/pages"}],"about":[{"href":"https:\/\/elser.swiss\/en\/wp-json\/wp\/v2\/types\/page"}],"author":[{"embeddable":true,"href":"https:\/\/elser.swiss\/en\/wp-json\/wp\/v2\/users\/1"}],"replies":[{"embeddable":true,"href":"https:\/\/elser.swiss\/en\/wp-json\/wp\/v2\/comments?post=1131"}],"version-history":[{"count":19,"href":"https:\/\/elser.swiss\/en\/wp-json\/wp\/v2\/pages\/1131\/revisions"}],"predecessor-version":[{"id":1495,"href":"https:\/\/elser.swiss\/en\/wp-json\/wp\/v2\/pages\/1131\/revisions\/1495"}],"wp:featuredmedia":[{"embeddable":true,"href":"https:\/\/elser.swiss\/en\/wp-json\/wp\/v2\/media\/904"}],"wp:attachment":[{"href":"https:\/\/elser.swiss\/en\/wp-json\/wp\/v2\/media?parent=1131"}],"curies":[{"name":"wp","href":"https:\/\/api.w.org\/{rel}","templated":true}]}}